{"id":2768293,"date":"2025-10-04T01:23:33","date_gmt":"2025-10-03T23:23:33","guid":{"rendered":"https:\/\/streetmarkets.fr\/app\/produit\/bo-puces-songe\/"},"modified":"2026-05-06T01:15:10","modified_gmt":"2026-05-05T23:15:10","slug":"bo-puces-songe","status":"publish","type":"product","link":"https:\/\/streetmarkets.fr\/app\/produit\/bo-puces-songe\/","title":{"rendered":"BO Puces Songe"},"content":{"rendered":"<p><strong><a title=\"Collection BDM Studio\" href=\"https:\/\/frenchtouche.com\/collections\/bdm-studio\">Collection BDM Studio<\/a><\/strong><\/p>\n<p><span>Paire de boucles d&#8217;oreilles puces dor\u00e9es \u00e0 l&#8217;or fin.<br \/><\/span><\/p>\n<p><span data-mce-fragment=\"1\">Les bijoux BDM Studio sont plaqu\u00e9s or 24K pour leur assurer une longue dur\u00e9e de vie.<br \/>Ils ne contiennent aucun m\u00e9tal allerg\u00e8ne, seulement du laiton, du cuivre, et de l&#8217;or.<br \/>Evitez de les mettre en contact de produits chimiques, cosm\u00e9tiques, ou parfums. <br \/>Ne les portez pas pendant vos bains de mer ou pendant votre s\u00e9ance de sport, et rangez-les dans dans leur petit pochon en coton Bio. <br \/>Pour nettoyer un bijou, un simple chiffon doux et sec permettra de raviver son \u00e9clat.<\/span><\/p>\n<p>:: Fabriqu\u00e9es \u00e0 la main dans l&#8217;atelier des cr\u00e9ateurs \u00e0 Paris ::<\/p>\n","protected":false},"excerpt":{"rendered":"<p>Collection BDM Studio Paire de boucles d&#8217;oreilles puces dor\u00e9es \u00e0 l&#8217;or fin. Les bijoux BDM Studio sont plaqu\u00e9s or 24K pour leur assurer une longue dur\u00e9e de vie.Ils ne contiennent aucun m\u00e9tal allerg\u00e8ne, seulement du laiton, du cuivre, et de l&#8217;or.Evitez de les mettre en contact de produits chimiques, cosm\u00e9tiques, ou parfums. Ne les portez [&hellip;]<\/p>\n","protected":false},"featured_media":2768294,"comment_status":"open","ping_status":"closed","template":"","meta":[],"product_brand":[],"product_cat":[1807,1756],"product_tag":[2244,1811],"acf":[],"_links":{"self":[{"href":"https:\/\/streetmarkets.fr\/app\/wp-json\/wp\/v2\/product\/2768293"}],"collection":[{"href":"https:\/\/streetmarkets.fr\/app\/wp-json\/wp\/v2\/product"}],"about":[{"href":"https:\/\/streetmarkets.fr\/app\/wp-json\/wp\/v2\/types\/product"}],"replies":[{"embeddable":true,"href":"https:\/\/streetmarkets.fr\/app\/wp-json\/wp\/v2\/comments?post=2768293"}],"wp:featuredmedia":[{"embeddable":true,"href":"https:\/\/streetmarkets.fr\/app\/wp-json\/wp\/v2\/media\/2768294"}],"wp:attachment":[{"href":"https:\/\/streetmarkets.fr\/app\/wp-json\/wp\/v2\/media?parent=2768293"}],"wp:term":[{"taxonomy":"product_brand","embeddable":true,"href":"https:\/\/streetmarkets.fr\/app\/wp-json\/wp\/v2\/product_brand?post=2768293"},{"taxonomy":"product_cat","embeddable":true,"href":"https:\/\/streetmarkets.fr\/app\/wp-json\/wp\/v2\/product_cat?post=2768293"},{"taxonomy":"product_tag","embeddable":true,"href":"https:\/\/streetmarkets.fr\/app\/wp-json\/wp\/v2\/product_tag?post=2768293"}],"curies":[{"name":"wp","href":"https:\/\/api.w.org\/{rel}","templated":true}]}}