{"id":2768266,"date":"2025-10-04T01:23:30","date_gmt":"2025-10-03T23:23:30","guid":{"rendered":"https:\/\/streetmarkets.fr\/app\/produit\/carre-de-soie-calice-bleu\/"},"modified":"2026-04-13T01:14:41","modified_gmt":"2026-04-12T23:14:41","slug":"carre-de-soie-calice-bleu","status":"publish","type":"product","link":"https:\/\/streetmarkets.fr\/app\/produit\/carre-de-soie-calice-bleu\/","title":{"rendered":"Carr\u00e9 de Soie Calice Bleu"},"content":{"rendered":"<p><!--\n@page { margin: 2cm }\n\t\tP { margin-bottom: 0.21cm }\n--><\/p>\n<p><a title=\"Collection MAPOESIE\" href=\"https:\/\/frenchtouche.com\/collections\/mapoesie\"><strong>Collection MAPOESIE<\/strong><\/a><\/p>\n<ul>\n<li><span>100% cr\u00eape de soie<\/span><\/li>\n<li><span>100 x 100 cm<\/span><\/li>\n<li>Impression au cadre<\/li>\n<\/ul>\n<p data-mce-fragment=\"1\"><span data-mce-fragment=\"1\">Dessin\u00e9 in France<br data-mce-fragment=\"1\">Fabriqu\u00e9 artisanalement en Inde<\/span><\/p>\n","protected":false},"excerpt":{"rendered":"<p>Collection MAPOESIE 100% cr\u00eape de soie 100 x 100 cm Impression au cadre Dessin\u00e9 in FranceFabriqu\u00e9 artisanalement en Inde<\/p>\n","protected":false},"featured_media":2768267,"comment_status":"open","ping_status":"closed","template":"","meta":[],"product_brand":[],"product_cat":[1756,1764],"product_tag":[2244,1811],"acf":[],"_links":{"self":[{"href":"https:\/\/streetmarkets.fr\/app\/wp-json\/wp\/v2\/product\/2768266"}],"collection":[{"href":"https:\/\/streetmarkets.fr\/app\/wp-json\/wp\/v2\/product"}],"about":[{"href":"https:\/\/streetmarkets.fr\/app\/wp-json\/wp\/v2\/types\/product"}],"replies":[{"embeddable":true,"href":"https:\/\/streetmarkets.fr\/app\/wp-json\/wp\/v2\/comments?post=2768266"}],"wp:featuredmedia":[{"embeddable":true,"href":"https:\/\/streetmarkets.fr\/app\/wp-json\/wp\/v2\/media\/2768267"}],"wp:attachment":[{"href":"https:\/\/streetmarkets.fr\/app\/wp-json\/wp\/v2\/media?parent=2768266"}],"wp:term":[{"taxonomy":"product_brand","embeddable":true,"href":"https:\/\/streetmarkets.fr\/app\/wp-json\/wp\/v2\/product_brand?post=2768266"},{"taxonomy":"product_cat","embeddable":true,"href":"https:\/\/streetmarkets.fr\/app\/wp-json\/wp\/v2\/product_cat?post=2768266"},{"taxonomy":"product_tag","embeddable":true,"href":"https:\/\/streetmarkets.fr\/app\/wp-json\/wp\/v2\/product_tag?post=2768266"}],"curies":[{"name":"wp","href":"https:\/\/api.w.org\/{rel}","templated":true}]}}