{"id":2768110,"date":"2025-10-04T01:22:19","date_gmt":"2025-10-03T23:22:19","guid":{"rendered":"https:\/\/streetmarkets.fr\/app\/produit\/housse-dordinateur-15-vivienne-wild\/"},"modified":"2026-05-13T01:15:54","modified_gmt":"2026-05-12T23:15:54","slug":"housse-dordinateur-15-vivienne-wild","status":"publish","type":"product","link":"https:\/\/streetmarkets.fr\/app\/produit\/housse-dordinateur-15-vivienne-wild\/","title":{"rendered":"Housse d&#8217;Ordinateur 15&#8243; Vivienne Wild"},"content":{"rendered":"<p class=\"p1\"><a href=\"\/collections\/rive-droite-paris\" title=\"Collection Rive Droite Paris\"><strong>Collection Rive Droite Paris<\/strong><\/a><\/p>\n<div>\n<p>Chez Rivedroite, l&#8217;imprim\u00e9 s&#8217;affirme avec la collection Wild Tribe, d\u00e9clin\u00e9e en deux motifs : L\u00e9opard et Z\u00e8bre. Ces motifs ont \u00e9t\u00e9 r\u00e9alis\u00e9s par l&#8217;artiste fran\u00e7aise Natacha Paschal. Ces pi\u00e8ces apporteront une touche de caract\u00e8re \u00e0 tous vos looks, que ce soit pour vos journ\u00e9es d\u00e9contract\u00e9es ou vos moments plus habill\u00e9s.<\/p>\n<p>D\u00e9couvrez Vivienne la housse d&#8217;ordinateur en coton recycl\u00e9 L\u00e9opard ou Z\u00e8bre,<span> matelass\u00e9e pour prot\u00e9ger votre ordinateur 15 pouces contre les chutes et les coups.<\/span><br \/>La doublure int\u00e9rieure est unie noire et est issue de fins de stocks de l&#8217;industrie textile.<\/p>\n<\/div>\n<ul>\n<li>\n<strong>Composition<\/strong><span>\u00a0<\/span>:<span>\u00a0<\/span>Coton recycl\u00e9 &#8211; 70% Coton &amp; 30% Polyester<\/li>\n<li>\n<span><strong>Emballage :\u00a0<\/strong><\/span>Ce produit est emball\u00e9 avec soin dans un pochon en coton r\u00e9utilisable avec un lien coulissant.<\/li>\n<li>\n<strong>Doublure<\/strong><span>\u00a0<\/span>: <span>100% polycoton upcycl\u00e9 issu de fins de stocks de tissus de l&#8217;industrie textile.<\/span>\n<\/li>\n<li>\n<strong>Dimensions<\/strong><span>\u00a0<\/span>: <span>\u00a0H27 x L37 x P2 cm<\/span>\n<\/li>\n<li>\n<strong>Conseils d&#8217;entretien<\/strong><span>\u00a0<\/span>: Nettoyage \u00e0 sec.<\/li>\n<\/ul>\n","protected":false},"excerpt":{"rendered":"<p>Collection Rive Droite Paris Chez Rivedroite, l&#8217;imprim\u00e9 s&#8217;affirme avec la collection Wild Tribe, d\u00e9clin\u00e9e en deux motifs : L\u00e9opard et Z\u00e8bre. Ces motifs ont \u00e9t\u00e9 r\u00e9alis\u00e9s par l&#8217;artiste fran\u00e7aise Natacha Paschal. Ces pi\u00e8ces apporteront une touche de caract\u00e8re \u00e0 tous vos looks, que ce soit pour vos journ\u00e9es d\u00e9contract\u00e9es ou vos moments plus habill\u00e9s. D\u00e9couvrez [&hellip;]<\/p>\n","protected":false},"featured_media":2768111,"comment_status":"open","ping_status":"closed","template":"","meta":[],"product_brand":[],"product_cat":[1756,1764],"product_tag":[2244,1811],"acf":[],"_links":{"self":[{"href":"https:\/\/streetmarkets.fr\/app\/wp-json\/wp\/v2\/product\/2768110"}],"collection":[{"href":"https:\/\/streetmarkets.fr\/app\/wp-json\/wp\/v2\/product"}],"about":[{"href":"https:\/\/streetmarkets.fr\/app\/wp-json\/wp\/v2\/types\/product"}],"replies":[{"embeddable":true,"href":"https:\/\/streetmarkets.fr\/app\/wp-json\/wp\/v2\/comments?post=2768110"}],"wp:featuredmedia":[{"embeddable":true,"href":"https:\/\/streetmarkets.fr\/app\/wp-json\/wp\/v2\/media\/2768111"}],"wp:attachment":[{"href":"https:\/\/streetmarkets.fr\/app\/wp-json\/wp\/v2\/media?parent=2768110"}],"wp:term":[{"taxonomy":"product_brand","embeddable":true,"href":"https:\/\/streetmarkets.fr\/app\/wp-json\/wp\/v2\/product_brand?post=2768110"},{"taxonomy":"product_cat","embeddable":true,"href":"https:\/\/streetmarkets.fr\/app\/wp-json\/wp\/v2\/product_cat?post=2768110"},{"taxonomy":"product_tag","embeddable":true,"href":"https:\/\/streetmarkets.fr\/app\/wp-json\/wp\/v2\/product_tag?post=2768110"}],"curies":[{"name":"wp","href":"https:\/\/api.w.org\/{rel}","templated":true}]}}