{"id":2767989,"date":"2025-10-04T01:21:44","date_gmt":"2025-10-03T23:21:44","guid":{"rendered":"https:\/\/streetmarkets.fr\/app\/produit\/echarpe-laine-merinos-casaque-2\/"},"modified":"2026-05-06T01:14:34","modified_gmt":"2026-05-05T23:14:34","slug":"echarpe-laine-merinos-casaque-2","status":"publish","type":"product","link":"https:\/\/streetmarkets.fr\/app\/produit\/echarpe-laine-merinos-casaque-2\/","title":{"rendered":"Echarpe Laine M\u00e9rinos CASAQUE"},"content":{"rendered":"<p data-mce-fragment=\"1\"><strong data-mce-fragment=\"1\"><a data-mce-fragment=\"1\" title=\"Collection De Novembre\" href=\"https:\/\/frenchtouche.com\/collections\/de-novembre\" data-mce-href=\"https:\/\/frenchtouche.com\/collections\/de-novembre\">Collection De Novembre<\/a><\/strong><\/p>\n<p data-mce-fragment=\"1\"><strong data-mce-fragment=\"1\">CASAQUE &#8211; BLEU CIEL &amp; VERT<\/strong><\/p>\n<div>\n <span>CASAQUE, \u00e9charpe teinte \u00e0 la r\u00e9serve selon la technique japonaise &#8220;Itajime&#8221;. Chaque dessin est unique.<\/span>\n<\/div>\n<div>\n<ul>\n<li>70 x 200 cm\u00a0<\/li>\n<li>100% laine m\u00e9rinos<\/li>\n<li>Conseils d&#8217;entretien : nettoyage \u00e0 sec uniquement<\/li>\n<\/ul>\n<\/div>\n<div>\n <em>Confectionn\u00e9e artisanalement en Inde, dans le respect des valeurs \u00e9thiques, sociales et environnementales de la marque. Judith Bourdin, la cr\u00e9atrice, collabore depuis plus de 10 ans avec des artisans et coop\u00e9ratives de la r\u00e9gion du Gujarat et du Cachemire riches de nombreux savoir-faire ancestraux.<\/em>\n<\/div>\n","protected":false},"excerpt":{"rendered":"<p>Collection De Novembre CASAQUE &#8211; BLEU CIEL &amp; VERT CASAQUE, \u00e9charpe teinte \u00e0 la r\u00e9serve selon la technique japonaise &#8220;Itajime&#8221;. Chaque dessin est unique. 70 x 200 cm\u00a0 100% laine m\u00e9rinos Conseils d&#8217;entretien : nettoyage \u00e0 sec uniquement Confectionn\u00e9e artisanalement en Inde, dans le respect des valeurs \u00e9thiques, sociales et environnementales de la marque. Judith [&hellip;]<\/p>\n","protected":false},"featured_media":2767990,"comment_status":"open","ping_status":"closed","template":"","meta":[],"product_brand":[],"product_cat":[1756,1758],"product_tag":[2244,1813],"acf":[],"_links":{"self":[{"href":"https:\/\/streetmarkets.fr\/app\/wp-json\/wp\/v2\/product\/2767989"}],"collection":[{"href":"https:\/\/streetmarkets.fr\/app\/wp-json\/wp\/v2\/product"}],"about":[{"href":"https:\/\/streetmarkets.fr\/app\/wp-json\/wp\/v2\/types\/product"}],"replies":[{"embeddable":true,"href":"https:\/\/streetmarkets.fr\/app\/wp-json\/wp\/v2\/comments?post=2767989"}],"wp:featuredmedia":[{"embeddable":true,"href":"https:\/\/streetmarkets.fr\/app\/wp-json\/wp\/v2\/media\/2767990"}],"wp:attachment":[{"href":"https:\/\/streetmarkets.fr\/app\/wp-json\/wp\/v2\/media?parent=2767989"}],"wp:term":[{"taxonomy":"product_brand","embeddable":true,"href":"https:\/\/streetmarkets.fr\/app\/wp-json\/wp\/v2\/product_brand?post=2767989"},{"taxonomy":"product_cat","embeddable":true,"href":"https:\/\/streetmarkets.fr\/app\/wp-json\/wp\/v2\/product_cat?post=2767989"},{"taxonomy":"product_tag","embeddable":true,"href":"https:\/\/streetmarkets.fr\/app\/wp-json\/wp\/v2\/product_tag?post=2767989"}],"curies":[{"name":"wp","href":"https:\/\/api.w.org\/{rel}","templated":true}]}}