{"id":2767891,"date":"2025-10-04T01:21:19","date_gmt":"2025-10-03T23:21:19","guid":{"rendered":"https:\/\/streetmarkets.fr\/app\/produit\/pochette-green-jungle\/"},"modified":"2026-05-06T01:14:18","modified_gmt":"2026-05-05T23:14:18","slug":"pochette-green-jungle","status":"publish","type":"product","link":"https:\/\/streetmarkets.fr\/app\/produit\/pochette-green-jungle\/","title":{"rendered":"Pochette Green Jungle"},"content":{"rendered":"<h4><strong><a href=\"\/collections\/all-the-ways-to-say\" title=\"Collection All The Ways To Say\">Collection All The Ways To Say<\/a><\/strong><\/h4>\n<ul>\n<li>Dimensions : 21,5 x 16 x 2 cm<\/li>\n<li>Le motif est imprim\u00e9 sur une toile en polyester recycl\u00e9 de haute qualit\u00e9<\/li>\n<li>\u00c9tiquette en cuir gaufr\u00e9 dor\u00e9<\/li>\n<li>Fermeture \u00e9clair en m\u00e9tal YKK<\/li>\n<\/ul>\n","protected":false},"excerpt":{"rendered":"<p>Collection All The Ways To Say Dimensions : 21,5 x 16 x 2 cm Le motif est imprim\u00e9 sur une toile en polyester recycl\u00e9 de haute qualit\u00e9 \u00c9tiquette en cuir gaufr\u00e9 dor\u00e9 Fermeture \u00e9clair en m\u00e9tal YKK<\/p>\n","protected":false},"featured_media":2767892,"comment_status":"open","ping_status":"closed","template":"","meta":[],"product_brand":[],"product_cat":[1756,1764],"product_tag":[2244,1813],"acf":[],"_links":{"self":[{"href":"https:\/\/streetmarkets.fr\/app\/wp-json\/wp\/v2\/product\/2767891"}],"collection":[{"href":"https:\/\/streetmarkets.fr\/app\/wp-json\/wp\/v2\/product"}],"about":[{"href":"https:\/\/streetmarkets.fr\/app\/wp-json\/wp\/v2\/types\/product"}],"replies":[{"embeddable":true,"href":"https:\/\/streetmarkets.fr\/app\/wp-json\/wp\/v2\/comments?post=2767891"}],"wp:featuredmedia":[{"embeddable":true,"href":"https:\/\/streetmarkets.fr\/app\/wp-json\/wp\/v2\/media\/2767892"}],"wp:attachment":[{"href":"https:\/\/streetmarkets.fr\/app\/wp-json\/wp\/v2\/media?parent=2767891"}],"wp:term":[{"taxonomy":"product_brand","embeddable":true,"href":"https:\/\/streetmarkets.fr\/app\/wp-json\/wp\/v2\/product_brand?post=2767891"},{"taxonomy":"product_cat","embeddable":true,"href":"https:\/\/streetmarkets.fr\/app\/wp-json\/wp\/v2\/product_cat?post=2767891"},{"taxonomy":"product_tag","embeddable":true,"href":"https:\/\/streetmarkets.fr\/app\/wp-json\/wp\/v2\/product_tag?post=2767891"}],"curies":[{"name":"wp","href":"https:\/\/api.w.org\/{rel}","templated":true}]}}