{"id":2767764,"date":"2025-10-04T01:20:26","date_gmt":"2025-10-03T23:20:26","guid":{"rendered":"https:\/\/streetmarkets.fr\/app\/produit\/sac-crossbody-mini-charlot\/"},"modified":"2026-05-09T01:13:30","modified_gmt":"2026-05-08T23:13:30","slug":"sac-crossbody-mini-charlot","status":"publish","type":"product","link":"https:\/\/streetmarkets.fr\/app\/produit\/sac-crossbody-mini-charlot\/","title":{"rendered":"Sac Crossbody Mini Charlot"},"content":{"rendered":"<p class=\"p1\"><a href=\"\/collections\/rive-droite-paris\" title=\"Collection Rive Droite Paris\"><strong>Collection Rive Droite Paris<\/strong><\/a><\/p>\n<div style=\"text-align: left\">\n<p>D\u00e9couvrez Mini Charlot, la version mini du sac Crossbody Charlot que vous pouvez porter en bandouli\u00e8re ou \u00e0 l&#8217;\u00e9paule !\u00a0<br \/>Plus grand que le sac banane Custine XL et plus petit que le sac crossbody Charlot, Mini Charlot est le bon compromis pour celles et ceux qui souhaitent avoir assez de place pour emporter tous les essentiels de toute une journ\u00e9e : gourde, portefeuille, cl\u00e9s, chargeur, t\u00e9l\u00e9phone, lunettes, livre, mini-parapluie&#8230; et choisir un port\u00e9 crois\u00e9 fa\u00e7on banane ou \u00e0 l&#8217;\u00e9paule fa\u00e7on sac \u00e0 main.<\/p>\n<p>Ce tout nouveau sac comporte une poche int\u00e9rieure zipp\u00e9e ainsi qu&#8217;une grande poche ext\u00e9rieure zipp\u00e9e pour votre t\u00e9l\u00e9phone et vos \u00e9couteurs. Sa bandouli\u00e8re r\u00e9glable s&#8217;adapte facilement \u00e0 toutes les morphologies, et vous permettra de choisir la fa\u00e7on dont vous aimerez le porter : \u00e0 l&#8217;\u00e9paule comme un sac \u00e0 main ou en bandouli\u00e8re, sur le devant, le c\u00f4t\u00e9 ou de dos.<\/p>\n<p>Ses doublures sont unies, de la m\u00eame couleur que l&#8217;ext\u00e9rieur du sac, et proviennent de chutes de tissus de l&#8217;industrie textile auxquelles Rive Droite donne une seconde vie.<\/p>\n<\/div>\n<ul>\n<li style=\"list-style-type: none\">\n<ul data-mce-fragment=\"1\">\n<li data-mce-fragment=\"1\">\n<strong data-mce-fragment=\"1\">Composition<\/strong><span data-mce-fragment=\"1\">\u00a0<\/span>:<span data-mce-fragment=\"1\">\u00a0<\/span><span data-mce-fragment=\"1\">Coton recycl\u00e9 &#8211; 84% Coton &amp; 16% Polyester<\/span>\n<\/li>\n<li data-mce-fragment=\"1\">\n<strong data-mce-fragment=\"1\">Emballage :\u00a0<\/strong>Ce produit est emball\u00e9 avec soin dans un pochon en coton r\u00e9utilisable avec un lien coulissant.<\/li>\n<li data-mce-fragment=\"1\">\n<strong data-mce-fragment=\"1\">Doublure<\/strong><span data-mce-fragment=\"1\">\u00a0<\/span>:  <span>100% polycoton upcycl\u00e9 issu de fins de stocks de tissus de l&#8217;industrie textile.<\/span>\n<\/li>\n<li data-mce-fragment=\"1\">\n<strong data-mce-fragment=\"1\">Dimensions<\/strong><span data-mce-fragment=\"1\">\u00a0<\/span><span>:<\/span><span data-mce-fragment=\"1\">\u00a0<\/span><span data-mce-fragment=\"1\">L20 x H37 x P9,5 cm.<\/span>\n<\/li>\n<li data-mce-fragment=\"1\">\n<strong data-mce-fragment=\"1\">Conseils d&#8217;entretien<\/strong><span data-mce-fragment=\"1\">\u00a0<\/span><span>: Nettoyage \u00e0 sec uniquement.<\/span>\n<\/li>\n<\/ul>\n<\/li>\n<\/ul>\n","protected":false},"excerpt":{"rendered":"<p>Collection Rive Droite Paris D\u00e9couvrez Mini Charlot, la version mini du sac Crossbody Charlot que vous pouvez porter en bandouli\u00e8re ou \u00e0 l&#8217;\u00e9paule !\u00a0Plus grand que le sac banane Custine XL et plus petit que le sac crossbody Charlot, Mini Charlot est le bon compromis pour celles et ceux qui souhaitent avoir assez de place [&hellip;]<\/p>\n","protected":false},"featured_media":2767765,"comment_status":"open","ping_status":"closed","template":"","meta":[],"product_brand":[],"product_cat":[1756,1764],"product_tag":[1811],"acf":[],"_links":{"self":[{"href":"https:\/\/streetmarkets.fr\/app\/wp-json\/wp\/v2\/product\/2767764"}],"collection":[{"href":"https:\/\/streetmarkets.fr\/app\/wp-json\/wp\/v2\/product"}],"about":[{"href":"https:\/\/streetmarkets.fr\/app\/wp-json\/wp\/v2\/types\/product"}],"replies":[{"embeddable":true,"href":"https:\/\/streetmarkets.fr\/app\/wp-json\/wp\/v2\/comments?post=2767764"}],"wp:featuredmedia":[{"embeddable":true,"href":"https:\/\/streetmarkets.fr\/app\/wp-json\/wp\/v2\/media\/2767765"}],"wp:attachment":[{"href":"https:\/\/streetmarkets.fr\/app\/wp-json\/wp\/v2\/media?parent=2767764"}],"wp:term":[{"taxonomy":"product_brand","embeddable":true,"href":"https:\/\/streetmarkets.fr\/app\/wp-json\/wp\/v2\/product_brand?post=2767764"},{"taxonomy":"product_cat","embeddable":true,"href":"https:\/\/streetmarkets.fr\/app\/wp-json\/wp\/v2\/product_cat?post=2767764"},{"taxonomy":"product_tag","embeddable":true,"href":"https:\/\/streetmarkets.fr\/app\/wp-json\/wp\/v2\/product_tag?post=2767764"}],"curies":[{"name":"wp","href":"https:\/\/api.w.org\/{rel}","templated":true}]}}