{"id":2767606,"date":"2025-10-04T01:18:57","date_gmt":"2025-10-03T23:18:57","guid":{"rendered":"https:\/\/streetmarkets.fr\/app\/produit\/boucles-doreilles-croissant\/"},"modified":"2026-05-02T01:14:52","modified_gmt":"2026-05-01T23:14:52","slug":"boucles-doreilles-croissant","status":"publish","type":"product","link":"https:\/\/streetmarkets.fr\/app\/produit\/boucles-doreilles-croissant\/","title":{"rendered":"Boucles d&#8217;oreilles Croissant"},"content":{"rendered":"<div class=\"rte-content\" id=\"product-description-short-41\">\n<div class=\"rte-content\" id=\"product-description-short-123\">\n<p><strong><a title=\"Collection Coucou Suzette\" href=\"\/collections\/coucou-suzette\">Collection Coucou Suzette<\/a><\/strong><\/p>\n<p style=\"font-weight: 400\"><span>Des boucles d\u2019oreilles dor\u00e9es, en forme de jolis croissants aka le symbole fran\u00e7ais par excellence, pour encadrer notre divin minois. On adore leur c\u00f4t\u00e9 r\u00e9tro qui nous rappelle la bo\u00eete \u00e0 bijoux de notre maman remplie de tr\u00e9sors, qu\u2019on ouvrait de temps en temps avec \u00e9merveillement.<\/span><\/p>\n<ul>\n<li><em><span>\u00a0Composition : 100% laiton, dor\u00e9es \u00e0 l&#8217;or fin et \u00e9maill\u00e9es \u00e0 la main<\/span><\/em><\/li>\n<li><em>Tiges hypoallerg\u00e9niques en acier inoxydable<\/em><\/li>\n<li><em>Type d\u2019attache : clou<\/em><\/li>\n<li>\n<em>Conseils d\u2019utilisation : \u00e9viter le contact avec l\u2019eau<\/em><em><\/em>\n<\/li>\n<li><em><span>Fabriqu\u00e9e en Chine dans une usine audit\u00e9e<\/span><\/em><\/li>\n<\/ul>\n<\/div>\n<\/div>\n","protected":false},"excerpt":{"rendered":"<p>Collection Coucou Suzette Des boucles d\u2019oreilles dor\u00e9es, en forme de jolis croissants aka le symbole fran\u00e7ais par excellence, pour encadrer notre divin minois. On adore leur c\u00f4t\u00e9 r\u00e9tro qui nous rappelle la bo\u00eete \u00e0 bijoux de notre maman remplie de tr\u00e9sors, qu\u2019on ouvrait de temps en temps avec \u00e9merveillement. \u00a0Composition : 100% laiton, dor\u00e9es \u00e0 [&hellip;]<\/p>\n","protected":false},"featured_media":2767607,"comment_status":"open","ping_status":"closed","template":"","meta":[],"product_brand":[],"product_cat":[1807,1756],"product_tag":[2244,1811],"acf":[],"_links":{"self":[{"href":"https:\/\/streetmarkets.fr\/app\/wp-json\/wp\/v2\/product\/2767606"}],"collection":[{"href":"https:\/\/streetmarkets.fr\/app\/wp-json\/wp\/v2\/product"}],"about":[{"href":"https:\/\/streetmarkets.fr\/app\/wp-json\/wp\/v2\/types\/product"}],"replies":[{"embeddable":true,"href":"https:\/\/streetmarkets.fr\/app\/wp-json\/wp\/v2\/comments?post=2767606"}],"wp:featuredmedia":[{"embeddable":true,"href":"https:\/\/streetmarkets.fr\/app\/wp-json\/wp\/v2\/media\/2767607"}],"wp:attachment":[{"href":"https:\/\/streetmarkets.fr\/app\/wp-json\/wp\/v2\/media?parent=2767606"}],"wp:term":[{"taxonomy":"product_brand","embeddable":true,"href":"https:\/\/streetmarkets.fr\/app\/wp-json\/wp\/v2\/product_brand?post=2767606"},{"taxonomy":"product_cat","embeddable":true,"href":"https:\/\/streetmarkets.fr\/app\/wp-json\/wp\/v2\/product_cat?post=2767606"},{"taxonomy":"product_tag","embeddable":true,"href":"https:\/\/streetmarkets.fr\/app\/wp-json\/wp\/v2\/product_tag?post=2767606"}],"curies":[{"name":"wp","href":"https:\/\/api.w.org\/{rel}","templated":true}]}}