{"id":2767555,"date":"2025-10-04T01:18:55","date_gmt":"2025-10-03T23:18:55","guid":{"rendered":"https:\/\/streetmarkets.fr\/app\/produit\/chaussettes-cafe\/"},"modified":"2026-05-11T01:13:22","modified_gmt":"2026-05-10T23:13:22","slug":"chaussettes-cafe","status":"publish","type":"product","link":"https:\/\/streetmarkets.fr\/app\/produit\/chaussettes-cafe\/","title":{"rendered":"Chaussettes Caf\u00e9"},"content":{"rendered":"<p class=\"p1\"><a title=\"Collection Coucou Suzette\" href=\"\/collections\/coucou-suzette\"><strong>Collection Coucou Suzette<\/strong><\/a><\/p>\n<p><span>Qu\u2019est-ce qu\u2019une journ\u00e9e sans une pause caf\u00e9 ? En terrasse, au comptoir, ou \u00e0 emporter, avec ces chaussettes \u00e0 motif hyper confortables. On adore cette s\u00e9rie de petites tasses plus ou moins pleines, avec un petit bonus lipstick sur le rebord, so chic.<\/span><\/p>\n<ul>\n<li>\n <em>Chaussettes en  <span>chaussettes en coton italien certifi\u00e9 OEKO-TEX\u00ae\ufe0f 72%, Polyamide 27%, Elasthanne 1%<\/span><\/em>\n<\/li>\n<li><em>Mixtes &#8211; Taille unique (du 35 au 44)<\/em><\/li>\n<li><em>Conseils d\u2019entretien : laver \u00e0 l\u2019envers \u00e0 30\u00b0<\/em><\/li>\n<li><em>Fabriqu\u00e9es en France<\/em><\/li>\n<\/ul>\n","protected":false},"excerpt":{"rendered":"<p>Collection Coucou Suzette Qu\u2019est-ce qu\u2019une journ\u00e9e sans une pause caf\u00e9 ? En terrasse, au comptoir, ou \u00e0 emporter, avec ces chaussettes \u00e0 motif hyper confortables. On adore cette s\u00e9rie de petites tasses plus ou moins pleines, avec un petit bonus lipstick sur le rebord, so chic. Chaussettes en chaussettes en coton italien certifi\u00e9 OEKO-TEX\u00ae\ufe0f 72%, [&hellip;]<\/p>\n","protected":false},"featured_media":2767556,"comment_status":"open","ping_status":"closed","template":"","meta":[],"product_brand":[],"product_cat":[1756,1762],"product_tag":[1810,2244],"acf":[],"_links":{"self":[{"href":"https:\/\/streetmarkets.fr\/app\/wp-json\/wp\/v2\/product\/2767555"}],"collection":[{"href":"https:\/\/streetmarkets.fr\/app\/wp-json\/wp\/v2\/product"}],"about":[{"href":"https:\/\/streetmarkets.fr\/app\/wp-json\/wp\/v2\/types\/product"}],"replies":[{"embeddable":true,"href":"https:\/\/streetmarkets.fr\/app\/wp-json\/wp\/v2\/comments?post=2767555"}],"wp:featuredmedia":[{"embeddable":true,"href":"https:\/\/streetmarkets.fr\/app\/wp-json\/wp\/v2\/media\/2767556"}],"wp:attachment":[{"href":"https:\/\/streetmarkets.fr\/app\/wp-json\/wp\/v2\/media?parent=2767555"}],"wp:term":[{"taxonomy":"product_brand","embeddable":true,"href":"https:\/\/streetmarkets.fr\/app\/wp-json\/wp\/v2\/product_brand?post=2767555"},{"taxonomy":"product_cat","embeddable":true,"href":"https:\/\/streetmarkets.fr\/app\/wp-json\/wp\/v2\/product_cat?post=2767555"},{"taxonomy":"product_tag","embeddable":true,"href":"https:\/\/streetmarkets.fr\/app\/wp-json\/wp\/v2\/product_tag?post=2767555"}],"curies":[{"name":"wp","href":"https:\/\/api.w.org\/{rel}","templated":true}]}}