{"id":2767524,"date":"2025-10-04T01:18:53","date_gmt":"2025-10-03T23:18:53","guid":{"rendered":"https:\/\/streetmarkets.fr\/app\/produit\/mini-eventail-summer-fruits\/"},"modified":"2026-04-13T01:13:30","modified_gmt":"2026-04-12T23:13:30","slug":"mini-eventail-summer-fruits","status":"publish","type":"product","link":"https:\/\/streetmarkets.fr\/app\/produit\/mini-eventail-summer-fruits\/","title":{"rendered":"Mini Eventail Summer Fruits"},"content":{"rendered":"<p class=\"p1\"><a title=\"Collection A Fan Of\" href=\"https:\/\/frenchtouche.com\/collections\/a-fan-of\"><span><strong>Collection A Fan Of<\/strong><\/span><\/a><\/p>\n<p><span>Un \u00e9ventail qui vous apportera la fra\u00eecheur de son fruit !<\/span><\/p>\n<p>\u00c9ventail mini : une taille d\u2019\u00e9ventail plus petite que vous pouvez porter suspendue.<\/p>\n<ul>\n<li>Dimensions : environ 19 cm ferm\u00e9 \/ environ 34 cm ouvert<\/li>\n<li>100% coton<\/li>\n<li><span>Tige en bois de poirier sans vernis<\/span><\/li>\n<li>Boucle d\u2019accroche dor\u00e9e brillante\n<\/li>\n<li>Encres \u00e9cologiques<\/li>\n<li><span>Gravure &#8221; A FAN OF &#8221; r\u00e9alis\u00e9e \u00e0 la main avec un marquage \u00e0 chaud, un syst\u00e8me d\u2019impression par transfert thermique<\/span><\/li>\n<li>Fabriqu\u00e9 \u00e0 la main en Espagne<\/li>\n<li>Livr\u00e9 dans sa pochette de transport en papier recycl\u00e9<\/li>\n<li>\n<em>Les \u00e9ventails A Fan Of sont des pi\u00e8ces uniques, fabriqu\u00e9es \u00e0 la main localement en Espagne, en utilisant des mat\u00e9riaux et des proc\u00e9d\u00e9s durables<\/em>\n<\/li>\n<\/ul>\n","protected":false},"excerpt":{"rendered":"<p>Collection A Fan Of Un \u00e9ventail qui vous apportera la fra\u00eecheur de son fruit ! \u00c9ventail mini : une taille d\u2019\u00e9ventail plus petite que vous pouvez porter suspendue. Dimensions : environ 19 cm ferm\u00e9 \/ environ 34 cm ouvert 100% coton Tige en bois de poirier sans vernis Boucle d\u2019accroche dor\u00e9e brillante Encres \u00e9cologiques Gravure [&hellip;]<\/p>\n","protected":false},"featured_media":2767525,"comment_status":"open","ping_status":"closed","template":"","meta":[],"product_brand":[],"product_cat":[1756,1764],"product_tag":[2244,1811],"acf":[],"_links":{"self":[{"href":"https:\/\/streetmarkets.fr\/app\/wp-json\/wp\/v2\/product\/2767524"}],"collection":[{"href":"https:\/\/streetmarkets.fr\/app\/wp-json\/wp\/v2\/product"}],"about":[{"href":"https:\/\/streetmarkets.fr\/app\/wp-json\/wp\/v2\/types\/product"}],"replies":[{"embeddable":true,"href":"https:\/\/streetmarkets.fr\/app\/wp-json\/wp\/v2\/comments?post=2767524"}],"wp:featuredmedia":[{"embeddable":true,"href":"https:\/\/streetmarkets.fr\/app\/wp-json\/wp\/v2\/media\/2767525"}],"wp:attachment":[{"href":"https:\/\/streetmarkets.fr\/app\/wp-json\/wp\/v2\/media?parent=2767524"}],"wp:term":[{"taxonomy":"product_brand","embeddable":true,"href":"https:\/\/streetmarkets.fr\/app\/wp-json\/wp\/v2\/product_brand?post=2767524"},{"taxonomy":"product_cat","embeddable":true,"href":"https:\/\/streetmarkets.fr\/app\/wp-json\/wp\/v2\/product_cat?post=2767524"},{"taxonomy":"product_tag","embeddable":true,"href":"https:\/\/streetmarkets.fr\/app\/wp-json\/wp\/v2\/product_tag?post=2767524"}],"curies":[{"name":"wp","href":"https:\/\/api.w.org\/{rel}","templated":true}]}}