{"id":2767502,"date":"2025-10-04T01:18:52","date_gmt":"2025-10-03T23:18:52","guid":{"rendered":"https:\/\/streetmarkets.fr\/app\/produit\/boucles-doreilles-etoile-de-mer\/"},"modified":"2026-05-11T01:13:07","modified_gmt":"2026-05-10T23:13:07","slug":"boucles-doreilles-etoile-de-mer","status":"publish","type":"product","link":"https:\/\/streetmarkets.fr\/app\/produit\/boucles-doreilles-etoile-de-mer\/","title":{"rendered":"Boucles d&#8217;oreilles Etoile de Mer"},"content":{"rendered":"<div class=\"rte-content\" id=\"product-description-short-41\">\n<div class=\"rte-content\" id=\"product-description-short-123\">\n<p><strong><a title=\"Collection Coucou Suzette\" href=\"\/collections\/coucou-suzette\">Collection Coucou Suzette<\/a><\/strong><\/p>\n<p style=\"font-weight: 400\"><span>Notre \u00e9toile de mer ch\u00e9rie en version boucle d\u2019oreille, suspendue \u00e0 ses jolis anneaux plaqu\u00e9s or. Un bijoux qu\u2019on adore porter avec des coiffures d\u2019\u00e9t\u00e9 pour un look retour de plage !<\/span><\/p>\n<ul>\n<li><em><span>\u00a0Composition : ac\u00e9tate de cellulose<\/span><\/em><\/li>\n<li>\n<em>Chaque cr\u00e9ation est unique, la couleur peut varier l\u00e9g\u00e8rement selon le morceau d&#8217;ac\u00e9tate utilis\u00e9<\/em><em><span><\/span><\/em>\n<\/li>\n<li><em>Tiges hypoallerg\u00e9niques en acier inoxydable<\/em><\/li>\n<li><em>Couche d&#8217;or 3 microns<\/em><\/li>\n<li><em>Type d\u2019attache : anneau<\/em><\/li>\n<li>\n<em>Conseils d\u2019utilisation : \u00e9viter le contact avec l\u2019eau<\/em><em><\/em>\n<\/li>\n<li><em><span>Fabriqu\u00e9e en Chine dans une usine audit\u00e9e<\/span><\/em><\/li>\n<\/ul>\n<p>Dimensions : environ 3 x 3 cm<\/p>\n<\/div>\n<\/div>\n","protected":false},"excerpt":{"rendered":"<p>Collection Coucou Suzette Notre \u00e9toile de mer ch\u00e9rie en version boucle d\u2019oreille, suspendue \u00e0 ses jolis anneaux plaqu\u00e9s or. Un bijoux qu\u2019on adore porter avec des coiffures d\u2019\u00e9t\u00e9 pour un look retour de plage ! \u00a0Composition : ac\u00e9tate de cellulose Chaque cr\u00e9ation est unique, la couleur peut varier l\u00e9g\u00e8rement selon le morceau d&#8217;ac\u00e9tate utilis\u00e9 Tiges [&hellip;]<\/p>\n","protected":false},"featured_media":2767503,"comment_status":"open","ping_status":"closed","template":"","meta":[],"product_brand":[],"product_cat":[1807,1756],"product_tag":[2244,1811],"acf":[],"_links":{"self":[{"href":"https:\/\/streetmarkets.fr\/app\/wp-json\/wp\/v2\/product\/2767502"}],"collection":[{"href":"https:\/\/streetmarkets.fr\/app\/wp-json\/wp\/v2\/product"}],"about":[{"href":"https:\/\/streetmarkets.fr\/app\/wp-json\/wp\/v2\/types\/product"}],"replies":[{"embeddable":true,"href":"https:\/\/streetmarkets.fr\/app\/wp-json\/wp\/v2\/comments?post=2767502"}],"wp:featuredmedia":[{"embeddable":true,"href":"https:\/\/streetmarkets.fr\/app\/wp-json\/wp\/v2\/media\/2767503"}],"wp:attachment":[{"href":"https:\/\/streetmarkets.fr\/app\/wp-json\/wp\/v2\/media?parent=2767502"}],"wp:term":[{"taxonomy":"product_brand","embeddable":true,"href":"https:\/\/streetmarkets.fr\/app\/wp-json\/wp\/v2\/product_brand?post=2767502"},{"taxonomy":"product_cat","embeddable":true,"href":"https:\/\/streetmarkets.fr\/app\/wp-json\/wp\/v2\/product_cat?post=2767502"},{"taxonomy":"product_tag","embeddable":true,"href":"https:\/\/streetmarkets.fr\/app\/wp-json\/wp\/v2\/product_tag?post=2767502"}],"curies":[{"name":"wp","href":"https:\/\/api.w.org\/{rel}","templated":true}]}}