{"id":2767332,"date":"2025-10-04T01:18:17","date_gmt":"2025-10-03T23:18:17","guid":{"rendered":"https:\/\/streetmarkets.fr\/app\/produit\/chaussettes-papillon-mauve\/"},"modified":"2026-04-18T01:13:43","modified_gmt":"2026-04-17T23:13:43","slug":"chaussettes-papillon-mauve","status":"publish","type":"product","link":"https:\/\/streetmarkets.fr\/app\/produit\/chaussettes-papillon-mauve\/","title":{"rendered":"Chaussettes Papillon Mauve"},"content":{"rendered":"<p class=\"p1\"><a title=\"Collection Coucou Suzette\" href=\"\/collections\/coucou-suzette\"><strong>Collection Coucou Suzette<\/strong><\/a><\/p>\n<p><span>Des chaussettes rigolotes couvertes de papillons violets qui virevoltent gaiement sur leur fond cr\u00e8me ! Faites en coton tout doux pour \u00eatre bien dans ses baskets et unisex pour \u00eatre port\u00e9es par tous.tes !<\/span><\/p>\n<ul>\n<li>\n <em>Chaussettes en coton italien certifi\u00e9 OEKO-TEX\u00ae\ufe0f 72%, Polyamide 27%, Elasthanne 1%<\/em>\n<\/li>\n<li><em>Mixtes &#8211;\u00a0Taille unique (du 35 au 44)<\/em><\/li>\n<li><em>Conseils d\u2019entretien\u00a0: laver \u00e0 l\u2019envers \u00e0 30\u00b0<\/em><\/li>\n<li><em>Fabriqu\u00e9es en France<\/em><\/li>\n<\/ul>\n","protected":false},"excerpt":{"rendered":"<p>Collection Coucou Suzette Des chaussettes rigolotes couvertes de papillons violets qui virevoltent gaiement sur leur fond cr\u00e8me ! Faites en coton tout doux pour \u00eatre bien dans ses baskets et unisex pour \u00eatre port\u00e9es par tous.tes ! Chaussettes en coton italien certifi\u00e9 OEKO-TEX\u00ae\ufe0f 72%, Polyamide 27%, Elasthanne 1% Mixtes &#8211;\u00a0Taille unique (du 35 au 44) [&hellip;]<\/p>\n","protected":false},"featured_media":2767333,"comment_status":"open","ping_status":"closed","template":"","meta":[],"product_brand":[],"product_cat":[1756,1762],"product_tag":[1811],"acf":[],"_links":{"self":[{"href":"https:\/\/streetmarkets.fr\/app\/wp-json\/wp\/v2\/product\/2767332"}],"collection":[{"href":"https:\/\/streetmarkets.fr\/app\/wp-json\/wp\/v2\/product"}],"about":[{"href":"https:\/\/streetmarkets.fr\/app\/wp-json\/wp\/v2\/types\/product"}],"replies":[{"embeddable":true,"href":"https:\/\/streetmarkets.fr\/app\/wp-json\/wp\/v2\/comments?post=2767332"}],"wp:featuredmedia":[{"embeddable":true,"href":"https:\/\/streetmarkets.fr\/app\/wp-json\/wp\/v2\/media\/2767333"}],"wp:attachment":[{"href":"https:\/\/streetmarkets.fr\/app\/wp-json\/wp\/v2\/media?parent=2767332"}],"wp:term":[{"taxonomy":"product_brand","embeddable":true,"href":"https:\/\/streetmarkets.fr\/app\/wp-json\/wp\/v2\/product_brand?post=2767332"},{"taxonomy":"product_cat","embeddable":true,"href":"https:\/\/streetmarkets.fr\/app\/wp-json\/wp\/v2\/product_cat?post=2767332"},{"taxonomy":"product_tag","embeddable":true,"href":"https:\/\/streetmarkets.fr\/app\/wp-json\/wp\/v2\/product_tag?post=2767332"}],"curies":[{"name":"wp","href":"https:\/\/api.w.org\/{rel}","templated":true}]}}