{"id":2765682,"date":"2025-10-03T08:40:03","date_gmt":"2025-10-03T06:40:03","guid":{"rendered":"https:\/\/streetmarkets.fr\/app\/produit\/boucles-pendantes-noa-lemon-quartz-diaperis\/"},"modified":"2026-05-08T08:38:15","modified_gmt":"2026-05-08T06:38:15","slug":"boucles-pendantes-noa-lemon-quartz-diaperis","status":"publish","type":"product","link":"https:\/\/streetmarkets.fr\/app\/produit\/boucles-pendantes-noa-lemon-quartz-diaperis\/","title":{"rendered":"Boucles pendantes Noa Lemon Quartz &#8211; Diaperis"},"content":{"rendered":"<div data-mce-fragment=\"1\" class=\"page\" title=\"Page 1\">\n<div data-mce-fragment=\"1\" class=\"section\">\n<div data-mce-fragment=\"1\" class=\"layoutArea\">\n<div data-mce-fragment=\"1\" class=\"column\">\n<p data-mce-fragment=\"1\">Paire de Boucles d&#8217;oreilles pendantes plaqu\u00e9es or et orn\u00e9es de 9 pierres naturelles avec des pierres en <strong>quartz translucides.\u00a0<\/strong><\/p>\n<p data-mce-fragment=\"1\"><span data-mce-fragment=\"1\">Ces boucles apporteront la touche finale d&#8217;\u00e9l\u00e9gance \u00e0 vos tenues.\u00a0<\/span><\/p>\n<\/div>\n<\/div>\n<\/div>\n<\/div>\n<p data-mce-fragment=\"1\"><strong data-mce-fragment=\"1\">Cr\u00e9atrice fran\u00e7aise<\/strong><span data-mce-fragment=\"1\">, Martine Menguy<\/span><\/p>\n","protected":false},"excerpt":{"rendered":"<p>Paire de Boucles d&#8217;oreilles pendantes plaqu\u00e9es or et orn\u00e9es de 9 pierres naturelles avec des pierres en quartz translucides.\u00a0 Ces boucles apporteront la touche finale d&#8217;\u00e9l\u00e9gance \u00e0 vos tenues.\u00a0 Cr\u00e9atrice fran\u00e7aise, Martine Menguy<\/p>\n","protected":false},"featured_media":2765683,"comment_status":"open","ping_status":"closed","template":"","meta":[],"product_brand":[],"product_cat":[1807,1756],"product_tag":[2244],"acf":[],"_links":{"self":[{"href":"https:\/\/streetmarkets.fr\/app\/wp-json\/wp\/v2\/product\/2765682"}],"collection":[{"href":"https:\/\/streetmarkets.fr\/app\/wp-json\/wp\/v2\/product"}],"about":[{"href":"https:\/\/streetmarkets.fr\/app\/wp-json\/wp\/v2\/types\/product"}],"replies":[{"embeddable":true,"href":"https:\/\/streetmarkets.fr\/app\/wp-json\/wp\/v2\/comments?post=2765682"}],"wp:featuredmedia":[{"embeddable":true,"href":"https:\/\/streetmarkets.fr\/app\/wp-json\/wp\/v2\/media\/2765683"}],"wp:attachment":[{"href":"https:\/\/streetmarkets.fr\/app\/wp-json\/wp\/v2\/media?parent=2765682"}],"wp:term":[{"taxonomy":"product_brand","embeddable":true,"href":"https:\/\/streetmarkets.fr\/app\/wp-json\/wp\/v2\/product_brand?post=2765682"},{"taxonomy":"product_cat","embeddable":true,"href":"https:\/\/streetmarkets.fr\/app\/wp-json\/wp\/v2\/product_cat?post=2765682"},{"taxonomy":"product_tag","embeddable":true,"href":"https:\/\/streetmarkets.fr\/app\/wp-json\/wp\/v2\/product_tag?post=2765682"}],"curies":[{"name":"wp","href":"https:\/\/api.w.org\/{rel}","templated":true}]}}