{"id":2759013,"date":"2025-10-03T00:59:19","date_gmt":"2025-10-02T22:59:19","guid":{"rendered":"https:\/\/streetmarkets.fr\/app\/produit\/bracelet-ramure-bordeaux\/"},"modified":"2026-05-10T00:58:41","modified_gmt":"2026-05-09T22:58:41","slug":"bracelet-ramure-bordeaux","status":"publish","type":"product","link":"https:\/\/streetmarkets.fr\/app\/produit\/bracelet-ramure-bordeaux\/","title":{"rendered":"Bracelet Ramure Bordeaux"},"content":{"rendered":"<p>Bracelet Ramure Bordeaux : Un jeu de motifs et de mouvement !\u00a0<br \/>Un bracelet qui m\u00eale finesse et caract\u00e8re, avec ses deux motifs graphiques d\u00e9coup\u00e9s au laser reli\u00e9s par un anneau discret. La structure en laiton finition vieux bronze se marie parfaitement avec l\u2019intensit\u00e9 de la r\u00e9sine bordeaux, pour un contraste ma\u00eetris\u00e9 et tout en relief.<\/p>\n<p>Chaque d\u00e9tail est pens\u00e9 pour le confort et l\u2019allure : les deux \u00e9l\u00e9ments articul\u00e9s offrent une belle libert\u00e9 de mouvement au poignet, et la cha\u00eenette de rallonge permet un ajustement facile \u00e0 toutes les morphologies.<\/p>\n<p>Pourquoi on l\u2019adopte :<br data-start=\"708\" data-end=\"711\">\u2013 Des motifs d\u00e9licatement ajour\u00e9s .<br data-start=\"757\" data-end=\"760\">\u2013 Une touche de couleur intense, sans \u00e9clat criard.<br data-start=\"810\" data-end=\"813\">\u2013 Une belle souplesse au poignet.<br data-start=\"845\" data-end=\"848\">\u2013 Fabriqu\u00e9 avec soin dans un atelier parisien.<\/p>\n","protected":false},"excerpt":{"rendered":"<p>Bracelet Ramure Bordeaux : Un jeu de motifs et de mouvement !\u00a0Un bracelet qui m\u00eale finesse et caract\u00e8re, avec ses deux motifs graphiques d\u00e9coup\u00e9s au laser reli\u00e9s par un anneau discret. La structure en laiton finition vieux bronze se marie parfaitement avec l\u2019intensit\u00e9 de la r\u00e9sine bordeaux, pour un contraste ma\u00eetris\u00e9 et tout en relief. [&hellip;]<\/p>\n","protected":false},"featured_media":2759014,"comment_status":"open","ping_status":"closed","template":"","meta":[],"product_brand":[],"product_cat":[1807,1756],"product_tag":[1813],"acf":[],"_links":{"self":[{"href":"https:\/\/streetmarkets.fr\/app\/wp-json\/wp\/v2\/product\/2759013"}],"collection":[{"href":"https:\/\/streetmarkets.fr\/app\/wp-json\/wp\/v2\/product"}],"about":[{"href":"https:\/\/streetmarkets.fr\/app\/wp-json\/wp\/v2\/types\/product"}],"replies":[{"embeddable":true,"href":"https:\/\/streetmarkets.fr\/app\/wp-json\/wp\/v2\/comments?post=2759013"}],"wp:featuredmedia":[{"embeddable":true,"href":"https:\/\/streetmarkets.fr\/app\/wp-json\/wp\/v2\/media\/2759014"}],"wp:attachment":[{"href":"https:\/\/streetmarkets.fr\/app\/wp-json\/wp\/v2\/media?parent=2759013"}],"wp:term":[{"taxonomy":"product_brand","embeddable":true,"href":"https:\/\/streetmarkets.fr\/app\/wp-json\/wp\/v2\/product_brand?post=2759013"},{"taxonomy":"product_cat","embeddable":true,"href":"https:\/\/streetmarkets.fr\/app\/wp-json\/wp\/v2\/product_cat?post=2759013"},{"taxonomy":"product_tag","embeddable":true,"href":"https:\/\/streetmarkets.fr\/app\/wp-json\/wp\/v2\/product_tag?post=2759013"}],"curies":[{"name":"wp","href":"https:\/\/api.w.org\/{rel}","templated":true}]}}