{"id":2753914,"date":"2025-10-02T01:31:39","date_gmt":"2025-10-01T23:31:39","guid":{"rendered":"https:\/\/streetmarkets.fr\/app\/produit\/fam-jean-fauve-velours-noir\/"},"modified":"2025-12-14T00:30:13","modified_gmt":"2025-12-13T23:30:13","slug":"fam-jean-fauve-velours-noir","status":"publish","type":"product","link":"https:\/\/streetmarkets.fr\/app\/produit\/fam-jean-fauve-velours-noir\/","title":{"rendered":"FAM &#8211; Jean Fauve Velours Noir"},"content":{"rendered":"<p>Avec sa taille haute, sa coupe \u00e9vas\u00e9e, FAUVE apportera une douceur f\u00e9line \u00e0 votre garde robe.<\/p>\n<ul>\n<li>Coupe \u00e9vas\u00e9e<\/li>\n<li>Longueur normale<\/li>\n<li>Taille haute<\/li>\n<li>2 poches avant et arri\u00e8res<\/li>\n<li>Passants \u00e0 la taille<\/li>\n<\/ul>\n<p>98% Coton, 2% Elasthanne<\/p>\n","protected":false},"excerpt":{"rendered":"<p>Avec sa taille haute, sa coupe \u00e9vas\u00e9e, FAUVE apportera une douceur f\u00e9line \u00e0 votre garde robe. Coupe \u00e9vas\u00e9e Longueur normale Taille haute 2 poches avant et arri\u00e8res Passants \u00e0 la taille 98% Coton, 2% Elasthanne<\/p>\n","protected":false},"featured_media":2753915,"comment_status":"open","ping_status":"closed","template":"","meta":[],"product_brand":[],"product_cat":[1756,1762],"product_tag":[1810],"acf":[],"_links":{"self":[{"href":"https:\/\/streetmarkets.fr\/app\/wp-json\/wp\/v2\/product\/2753914"}],"collection":[{"href":"https:\/\/streetmarkets.fr\/app\/wp-json\/wp\/v2\/product"}],"about":[{"href":"https:\/\/streetmarkets.fr\/app\/wp-json\/wp\/v2\/types\/product"}],"replies":[{"embeddable":true,"href":"https:\/\/streetmarkets.fr\/app\/wp-json\/wp\/v2\/comments?post=2753914"}],"wp:featuredmedia":[{"embeddable":true,"href":"https:\/\/streetmarkets.fr\/app\/wp-json\/wp\/v2\/media\/2753915"}],"wp:attachment":[{"href":"https:\/\/streetmarkets.fr\/app\/wp-json\/wp\/v2\/media?parent=2753914"}],"wp:term":[{"taxonomy":"product_brand","embeddable":true,"href":"https:\/\/streetmarkets.fr\/app\/wp-json\/wp\/v2\/product_brand?post=2753914"},{"taxonomy":"product_cat","embeddable":true,"href":"https:\/\/streetmarkets.fr\/app\/wp-json\/wp\/v2\/product_cat?post=2753914"},{"taxonomy":"product_tag","embeddable":true,"href":"https:\/\/streetmarkets.fr\/app\/wp-json\/wp\/v2\/product_tag?post=2753914"}],"curies":[{"name":"wp","href":"https:\/\/api.w.org\/{rel}","templated":true}]}}