{"id":2753550,"date":"2025-10-02T01:14:18","date_gmt":"2025-10-01T23:14:18","guid":{"rendered":"https:\/\/streetmarkets.fr\/app\/produit\/bonnet-laine-merinos-mixte-vert-bouteille\/"},"modified":"2025-11-24T00:14:54","modified_gmt":"2025-11-23T23:14:54","slug":"bonnet-laine-merinos-mixte-vert-bouteille","status":"publish","type":"product","link":"https:\/\/streetmarkets.fr\/app\/produit\/bonnet-laine-merinos-mixte-vert-bouteille\/","title":{"rendered":"Bonnet laine m\u00e9rinos mixte &#8211; Vert bouteille"},"content":{"rendered":"<p>Tricot\u00e9 dans un atelier familial de la r\u00e9gion parisienne, ce bonnet 100% laine m\u00e9rinos r\u00e9unit chaleur, douceur et belle tenue. Le fil, fabriqu\u00e9 et teint en Italie, donne une maille dense et r\u00e9sistante, agr\u00e9able au quotidien.<br \/>\nLa teinte vert bouteille apporte une touche chic et intemporelle. Mixte et taille unique (hauteur 27 cm), il s\u2019adapte facilement et devient vite l\u2019alli\u00e9 des journ\u00e9es froides. Un accessoire Made in France durable, \u00e0 offrir ou \u00e0 s\u2019offrir, sans h\u00e9siter.<\/p>\n","protected":false},"excerpt":{"rendered":"<p>Tricot\u00e9 dans un atelier familial de la r\u00e9gion parisienne, ce bonnet 100% laine m\u00e9rinos r\u00e9unit chaleur, douceur et belle tenue. Le fil, fabriqu\u00e9 et teint en Italie, donne une maille dense et r\u00e9sistante, agr\u00e9able au quotidien. La teinte vert bouteille apporte une touche chic et intemporelle. Mixte et taille unique (hauteur 27 cm), il s\u2019adapte [&hellip;]<\/p>\n","protected":false},"featured_media":2753551,"comment_status":"open","ping_status":"closed","template":"","meta":[],"product_brand":[],"product_cat":[1756,1764],"product_tag":[1810],"acf":[],"_links":{"self":[{"href":"https:\/\/streetmarkets.fr\/app\/wp-json\/wp\/v2\/product\/2753550"}],"collection":[{"href":"https:\/\/streetmarkets.fr\/app\/wp-json\/wp\/v2\/product"}],"about":[{"href":"https:\/\/streetmarkets.fr\/app\/wp-json\/wp\/v2\/types\/product"}],"replies":[{"embeddable":true,"href":"https:\/\/streetmarkets.fr\/app\/wp-json\/wp\/v2\/comments?post=2753550"}],"wp:featuredmedia":[{"embeddable":true,"href":"https:\/\/streetmarkets.fr\/app\/wp-json\/wp\/v2\/media\/2753551"}],"wp:attachment":[{"href":"https:\/\/streetmarkets.fr\/app\/wp-json\/wp\/v2\/media?parent=2753550"}],"wp:term":[{"taxonomy":"product_brand","embeddable":true,"href":"https:\/\/streetmarkets.fr\/app\/wp-json\/wp\/v2\/product_brand?post=2753550"},{"taxonomy":"product_cat","embeddable":true,"href":"https:\/\/streetmarkets.fr\/app\/wp-json\/wp\/v2\/product_cat?post=2753550"},{"taxonomy":"product_tag","embeddable":true,"href":"https:\/\/streetmarkets.fr\/app\/wp-json\/wp\/v2\/product_tag?post=2753550"}],"curies":[{"name":"wp","href":"https:\/\/api.w.org\/{rel}","templated":true}]}}