{"id":2753261,"date":"2025-10-01T04:04:23","date_gmt":"2025-10-01T02:04:23","guid":{"rendered":"https:\/\/streetmarkets.fr\/app\/produit\/002-m\/"},"modified":"2026-04-29T03:51:00","modified_gmt":"2026-04-29T01:51:00","slug":"002-m","status":"publish","type":"product","link":"https:\/\/streetmarkets.fr\/app\/produit\/002-m\/","title":{"rendered":"002 M"},"content":{"rendered":"<ul>\n<li>Tige tiss\u00e9e &amp; lacets en Dyneema<\/li>\n<li>R\u00e9flectivit\u00e9 Hi-Vis 360\u00b0\n<\/li>\n<li>Semelle interm\u00e9diaire Norda x Vibram SLE<\/li>\n<li>Semelle ext\u00e9rieure Vibram Litebase &amp; Megagrip, crampons 5 mm<\/li>\n<li>Semelle int\u00e9rieure en eTPU sur mesure<\/li>\n<\/ul>\n<p>norda 002 M<\/p>\n","protected":false},"excerpt":{"rendered":"<p>Tige tiss\u00e9e &amp; lacets en Dyneema R\u00e9flectivit\u00e9 Hi-Vis 360\u00b0 Semelle interm\u00e9diaire Norda x Vibram SLE Semelle ext\u00e9rieure Vibram Litebase &amp; Megagrip, crampons 5 mm Semelle int\u00e9rieure en eTPU sur mesure norda 002 M<\/p>\n","protected":false},"featured_media":2753262,"comment_status":"open","ping_status":"closed","template":"","meta":[],"product_brand":[],"product_cat":[1756,1759],"product_tag":[2244],"acf":[],"_links":{"self":[{"href":"https:\/\/streetmarkets.fr\/app\/wp-json\/wp\/v2\/product\/2753261"}],"collection":[{"href":"https:\/\/streetmarkets.fr\/app\/wp-json\/wp\/v2\/product"}],"about":[{"href":"https:\/\/streetmarkets.fr\/app\/wp-json\/wp\/v2\/types\/product"}],"replies":[{"embeddable":true,"href":"https:\/\/streetmarkets.fr\/app\/wp-json\/wp\/v2\/comments?post=2753261"}],"wp:featuredmedia":[{"embeddable":true,"href":"https:\/\/streetmarkets.fr\/app\/wp-json\/wp\/v2\/media\/2753262"}],"wp:attachment":[{"href":"https:\/\/streetmarkets.fr\/app\/wp-json\/wp\/v2\/media?parent=2753261"}],"wp:term":[{"taxonomy":"product_brand","embeddable":true,"href":"https:\/\/streetmarkets.fr\/app\/wp-json\/wp\/v2\/product_brand?post=2753261"},{"taxonomy":"product_cat","embeddable":true,"href":"https:\/\/streetmarkets.fr\/app\/wp-json\/wp\/v2\/product_cat?post=2753261"},{"taxonomy":"product_tag","embeddable":true,"href":"https:\/\/streetmarkets.fr\/app\/wp-json\/wp\/v2\/product_tag?post=2753261"}],"curies":[{"name":"wp","href":"https:\/\/api.w.org\/{rel}","templated":true}]}}