{"id":2753241,"date":"2025-10-01T04:04:21","date_gmt":"2025-10-01T02:04:21","guid":{"rendered":"https:\/\/streetmarkets.fr\/app\/produit\/percale-fitted-sheet\/"},"modified":"2026-05-10T03:51:38","modified_gmt":"2026-05-10T01:51:38","slug":"percale-fitted-sheet","status":"publish","type":"product","link":"https:\/\/streetmarkets.fr\/app\/produit\/percale-fitted-sheet\/","title":{"rendered":"Percale &#8211; Fitted Sheet"},"content":{"rendered":"<ul>\n<li><span>Coins \u00e9lastiques<\/span><\/li>\n<li>L\u00e9g\u00e8rement d\u00e9lav\u00e9 \u00e0 la pierre pour un toucher doux<span>\u00a0<\/span>\n<\/li>\n<li><span>Certifi\u00e9 Oeko-Tex\u00ae Standard 100<\/span><\/li>\n<\/ul>\n<p>100% coton organique\u00a0<\/p>\n<p>Fabriqu\u00e9 au Portugal<\/p>\n<p>PTMICAS111MOR<\/p>\n","protected":false},"excerpt":{"rendered":"<p>Coins \u00e9lastiques L\u00e9g\u00e8rement d\u00e9lav\u00e9 \u00e0 la pierre pour un toucher doux\u00a0 Certifi\u00e9 Oeko-Tex\u00ae Standard 100 100% coton organique\u00a0 Fabriqu\u00e9 au Portugal PTMICAS111MOR<\/p>\n","protected":false},"featured_media":2753242,"comment_status":"open","ping_status":"closed","template":"","meta":[],"product_brand":[],"product_cat":[1756,1760],"product_tag":[2244],"acf":[],"_links":{"self":[{"href":"https:\/\/streetmarkets.fr\/app\/wp-json\/wp\/v2\/product\/2753241"}],"collection":[{"href":"https:\/\/streetmarkets.fr\/app\/wp-json\/wp\/v2\/product"}],"about":[{"href":"https:\/\/streetmarkets.fr\/app\/wp-json\/wp\/v2\/types\/product"}],"replies":[{"embeddable":true,"href":"https:\/\/streetmarkets.fr\/app\/wp-json\/wp\/v2\/comments?post=2753241"}],"wp:featuredmedia":[{"embeddable":true,"href":"https:\/\/streetmarkets.fr\/app\/wp-json\/wp\/v2\/media\/2753242"}],"wp:attachment":[{"href":"https:\/\/streetmarkets.fr\/app\/wp-json\/wp\/v2\/media?parent=2753241"}],"wp:term":[{"taxonomy":"product_brand","embeddable":true,"href":"https:\/\/streetmarkets.fr\/app\/wp-json\/wp\/v2\/product_brand?post=2753241"},{"taxonomy":"product_cat","embeddable":true,"href":"https:\/\/streetmarkets.fr\/app\/wp-json\/wp\/v2\/product_cat?post=2753241"},{"taxonomy":"product_tag","embeddable":true,"href":"https:\/\/streetmarkets.fr\/app\/wp-json\/wp\/v2\/product_tag?post=2753241"}],"curies":[{"name":"wp","href":"https:\/\/api.w.org\/{rel}","templated":true}]}}