{"id":2736959,"date":"2025-09-29T01:46:27","date_gmt":"2025-09-28T23:46:27","guid":{"rendered":"https:\/\/streetmarkets.fr\/app\/produit\/trio-de-chaussettes-pour-homme-en-bambou\/"},"modified":"2026-05-06T01:44:35","modified_gmt":"2026-05-05T23:44:35","slug":"trio-de-chaussettes-pour-homme-en-bambou","status":"publish","type":"product","link":"https:\/\/streetmarkets.fr\/app\/produit\/trio-de-chaussettes-pour-homme-en-bambou\/","title":{"rendered":"Trio de chaussettes pour homme en bambou"},"content":{"rendered":"<ul data-mce-fragment=\"1\">\n<li data-mce-fragment=\"1\">\n<span data-mce-fragment=\"1\">lot de 3\u00a0<\/span><strong data-mce-fragment=\"1\">paires<\/strong><span data-mce-fragment=\"1\">\u00a0<\/span>de chaussettes\u00a0<\/li>\n<li data-mce-fragment=\"1\"><span data-mce-fragment=\"1\">52,9% <strong>bambou,<\/strong> 20,4% <strong>coton bio,<\/strong> 19,6% polyester <strong>recycl\u00e9,<\/strong> 5,6% nylon <strong>recycl\u00e9,<\/strong> 1,5% \u00e9lasthanne\u00a0<\/span><\/li>\n<li data-mce-fragment=\"1\"><span data-mce-fragment=\"1\"><strong>rayures<\/strong> tons bleu, gris et noir<\/span><\/li>\n<li data-mce-fragment=\"1\">tr\u00e8s confortable<\/li>\n<li data-mce-fragment=\"1\">\n<strong data-mce-fragment=\"1\">anti-bact\u00e9rien<\/strong><span data-mce-fragment=\"1\">\u00a0<\/span>et anti-fongique<\/li>\n<li data-mce-fragment=\"1\">taille<span data-mce-fragment=\"1\">\u00a0<\/span><strong data-mce-fragment=\"1\">unique<\/strong><span data-mce-fragment=\"1\">\u00a040\/44<\/span>\n<\/li>\n<li data-mce-fragment=\"1\">marque<span data-mce-fragment=\"1\">\u00a0<\/span><strong data-mce-fragment=\"1\">Thought<\/strong>\n<\/li>\n<li data-mce-fragment=\"1\">\n<strong data-mce-fragment=\"1\">best-seller<\/strong><span data-mce-fragment=\"1\">\u00a0<\/span>de la marque : id\u00e9e cadeau<\/li>\n<\/ul>\n","protected":false},"excerpt":{"rendered":"<p>lot de 3\u00a0paires\u00a0de chaussettes\u00a0 52,9% bambou, 20,4% coton bio, 19,6% polyester recycl\u00e9, 5,6% nylon recycl\u00e9, 1,5% \u00e9lasthanne\u00a0 rayures tons bleu, gris et noir tr\u00e8s confortable anti-bact\u00e9rien\u00a0et anti-fongique taille\u00a0unique\u00a040\/44 marque\u00a0Thought best-seller\u00a0de la marque : id\u00e9e cadeau<\/p>\n","protected":false},"featured_media":2736960,"comment_status":"open","ping_status":"closed","template":"","meta":[],"product_brand":[],"product_cat":[1756,1760],"product_tag":[1810],"acf":[],"_links":{"self":[{"href":"https:\/\/streetmarkets.fr\/app\/wp-json\/wp\/v2\/product\/2736959"}],"collection":[{"href":"https:\/\/streetmarkets.fr\/app\/wp-json\/wp\/v2\/product"}],"about":[{"href":"https:\/\/streetmarkets.fr\/app\/wp-json\/wp\/v2\/types\/product"}],"replies":[{"embeddable":true,"href":"https:\/\/streetmarkets.fr\/app\/wp-json\/wp\/v2\/comments?post=2736959"}],"wp:featuredmedia":[{"embeddable":true,"href":"https:\/\/streetmarkets.fr\/app\/wp-json\/wp\/v2\/media\/2736960"}],"wp:attachment":[{"href":"https:\/\/streetmarkets.fr\/app\/wp-json\/wp\/v2\/media?parent=2736959"}],"wp:term":[{"taxonomy":"product_brand","embeddable":true,"href":"https:\/\/streetmarkets.fr\/app\/wp-json\/wp\/v2\/product_brand?post=2736959"},{"taxonomy":"product_cat","embeddable":true,"href":"https:\/\/streetmarkets.fr\/app\/wp-json\/wp\/v2\/product_cat?post=2736959"},{"taxonomy":"product_tag","embeddable":true,"href":"https:\/\/streetmarkets.fr\/app\/wp-json\/wp\/v2\/product_tag?post=2736959"}],"curies":[{"name":"wp","href":"https:\/\/api.w.org\/{rel}","templated":true}]}}