{"id":2736943,"date":"2025-09-29T01:46:26","date_gmt":"2025-09-28T23:46:26","guid":{"rendered":"https:\/\/streetmarkets.fr\/app\/produit\/coffret-chaussettes-etoiles-coeurs-et-fleurs-en-bambou\/"},"modified":"2026-05-09T01:44:28","modified_gmt":"2026-05-08T23:44:28","slug":"coffret-chaussettes-etoiles-coeurs-et-fleurs-en-bambou","status":"publish","type":"product","link":"https:\/\/streetmarkets.fr\/app\/produit\/coffret-chaussettes-etoiles-coeurs-et-fleurs-en-bambou\/","title":{"rendered":"Coffret chaussettes \u00e9toiles, coeurs et fleurs en bambou"},"content":{"rendered":"<ul data-mce-fragment=\"1\">\n<li data-mce-fragment=\"1\">coffret de<strong data-mce-fragment=\"1\"><span data-mce-fragment=\"1\">\u00a0<\/span>4 paires<\/strong> de <strong data-mce-fragment=\"1\">chaussettes femme\u00a0<\/strong>\n<\/li>\n<li data-mce-fragment=\"1\">motifs petites fleurs, c\u0153urs et nuit \u00e9toil\u00e9e\u00a0<\/li>\n<li data-mce-fragment=\"1\">fond bleu fonc\u00e9\u00a0<\/li>\n<li data-mce-fragment=\"1\">en <strong data-mce-fragment=\"1\">bambou,<\/strong> polyester <strong data-mce-fragment=\"1\">recycl\u00e9, <\/strong><strong>coton bio<\/strong>, <strong>nylon recycl\u00e9<\/strong> et\u00a0\u00e9lastanne<\/li>\n<li data-mce-fragment=\"1\">tr\u00e8s confortable<\/li>\n<li data-mce-fragment=\"1\">\n<strong data-mce-fragment=\"1\">anti-bact\u00e9rien<\/strong><span data-mce-fragment=\"1\">\u00a0<\/span>et anti-fongique<\/li>\n<li data-mce-fragment=\"1\">taille<span data-mce-fragment=\"1\">\u00a0<\/span><strong data-mce-fragment=\"1\">unique<\/strong><span data-mce-fragment=\"1\">\u00a0<\/span>36\/40<\/li>\n<li data-mce-fragment=\"1\">marque<span data-mce-fragment=\"1\">\u00a0<\/span><strong data-mce-fragment=\"1\">Thought<\/strong>\n<\/li>\n<li data-mce-fragment=\"1\">\n<strong data-mce-fragment=\"1\">best-seller<\/strong><span data-mce-fragment=\"1\">\u00a0<\/span>de la marque : id\u00e9e cadeau<\/li>\n<\/ul>\n","protected":false},"excerpt":{"rendered":"<p>coffret de\u00a04 paires de chaussettes femme\u00a0 motifs petites fleurs, c\u0153urs et nuit \u00e9toil\u00e9e\u00a0 fond bleu fonc\u00e9\u00a0 en bambou, polyester recycl\u00e9, coton bio, nylon recycl\u00e9 et\u00a0\u00e9lastanne tr\u00e8s confortable anti-bact\u00e9rien\u00a0et anti-fongique taille\u00a0unique\u00a036\/40 marque\u00a0Thought best-seller\u00a0de la marque : id\u00e9e cadeau<\/p>\n","protected":false},"featured_media":2736944,"comment_status":"open","ping_status":"closed","template":"","meta":[],"product_brand":[],"product_cat":[1756,1764],"product_tag":[1810],"acf":[],"_links":{"self":[{"href":"https:\/\/streetmarkets.fr\/app\/wp-json\/wp\/v2\/product\/2736943"}],"collection":[{"href":"https:\/\/streetmarkets.fr\/app\/wp-json\/wp\/v2\/product"}],"about":[{"href":"https:\/\/streetmarkets.fr\/app\/wp-json\/wp\/v2\/types\/product"}],"replies":[{"embeddable":true,"href":"https:\/\/streetmarkets.fr\/app\/wp-json\/wp\/v2\/comments?post=2736943"}],"wp:featuredmedia":[{"embeddable":true,"href":"https:\/\/streetmarkets.fr\/app\/wp-json\/wp\/v2\/media\/2736944"}],"wp:attachment":[{"href":"https:\/\/streetmarkets.fr\/app\/wp-json\/wp\/v2\/media?parent=2736943"}],"wp:term":[{"taxonomy":"product_brand","embeddable":true,"href":"https:\/\/streetmarkets.fr\/app\/wp-json\/wp\/v2\/product_brand?post=2736943"},{"taxonomy":"product_cat","embeddable":true,"href":"https:\/\/streetmarkets.fr\/app\/wp-json\/wp\/v2\/product_cat?post=2736943"},{"taxonomy":"product_tag","embeddable":true,"href":"https:\/\/streetmarkets.fr\/app\/wp-json\/wp\/v2\/product_tag?post=2736943"}],"curies":[{"name":"wp","href":"https:\/\/api.w.org\/{rel}","templated":true}]}}