{"id":2736532,"date":"2025-09-28T08:42:05","date_gmt":"2025-09-28T06:42:05","guid":{"rendered":"https:\/\/streetmarkets.fr\/app\/produit\/sautoir-axel-zoisite-hanka-in\/"},"modified":"2026-05-15T08:39:04","modified_gmt":"2026-05-15T06:39:04","slug":"sautoir-axel-zoisite-hanka-in","status":"publish","type":"product","link":"https:\/\/streetmarkets.fr\/app\/produit\/sautoir-axel-zoisite-hanka-in\/","title":{"rendered":"Sautoir Axel zoisite &#8211; Hanka In"},"content":{"rendered":"<p>Collier compos\u00e9 d&#8217;une cha\u00eene dor\u00e9e \u00e0 l&#8217;or fin avec maillons rectangulaires.\u00a0<\/p>\n<p>En son centre une pierre fine en zoisite en forme de goutte et b\u00e9li\u00e8re pivotante dor\u00e9e et zircon blanc.\u00a0<\/p>\n<p>Pierre fine : zoisite, pierre d&#8217;\u00e9quilibre et de force. \u00a0<\/p>\n<p><strong>Cr\u00e9atrice fran\u00e7aise Hanka In<\/strong>, les mod\u00e8les sont dessin\u00e9s et fabriqu\u00e9s en France.<\/p>\n","protected":false},"excerpt":{"rendered":"<p>Collier compos\u00e9 d&#8217;une cha\u00eene dor\u00e9e \u00e0 l&#8217;or fin avec maillons rectangulaires.\u00a0 En son centre une pierre fine en zoisite en forme de goutte et b\u00e9li\u00e8re pivotante dor\u00e9e et zircon blanc.\u00a0 Pierre fine : zoisite, pierre d&#8217;\u00e9quilibre et de force. \u00a0 Cr\u00e9atrice fran\u00e7aise Hanka In, les mod\u00e8les sont dessin\u00e9s et fabriqu\u00e9s en France.<\/p>\n","protected":false},"featured_media":2736533,"comment_status":"open","ping_status":"closed","template":"","meta":[],"product_brand":[],"product_cat":[1807,1756],"product_tag":[2244],"acf":[],"_links":{"self":[{"href":"https:\/\/streetmarkets.fr\/app\/wp-json\/wp\/v2\/product\/2736532"}],"collection":[{"href":"https:\/\/streetmarkets.fr\/app\/wp-json\/wp\/v2\/product"}],"about":[{"href":"https:\/\/streetmarkets.fr\/app\/wp-json\/wp\/v2\/types\/product"}],"replies":[{"embeddable":true,"href":"https:\/\/streetmarkets.fr\/app\/wp-json\/wp\/v2\/comments?post=2736532"}],"wp:featuredmedia":[{"embeddable":true,"href":"https:\/\/streetmarkets.fr\/app\/wp-json\/wp\/v2\/media\/2736533"}],"wp:attachment":[{"href":"https:\/\/streetmarkets.fr\/app\/wp-json\/wp\/v2\/media?parent=2736532"}],"wp:term":[{"taxonomy":"product_brand","embeddable":true,"href":"https:\/\/streetmarkets.fr\/app\/wp-json\/wp\/v2\/product_brand?post=2736532"},{"taxonomy":"product_cat","embeddable":true,"href":"https:\/\/streetmarkets.fr\/app\/wp-json\/wp\/v2\/product_cat?post=2736532"},{"taxonomy":"product_tag","embeddable":true,"href":"https:\/\/streetmarkets.fr\/app\/wp-json\/wp\/v2\/product_tag?post=2736532"}],"curies":[{"name":"wp","href":"https:\/\/api.w.org\/{rel}","templated":true}]}}