{"id":2731375,"date":"2025-09-28T01:14:28","date_gmt":"2025-09-27T23:14:28","guid":{"rendered":"https:\/\/streetmarkets.fr\/app\/produit\/sacoche-annecy-vert-celadon\/"},"modified":"2025-11-24T00:15:16","modified_gmt":"2025-11-23T23:15:16","slug":"sacoche-annecy-vert-celadon","status":"publish","type":"product","link":"https:\/\/streetmarkets.fr\/app\/produit\/sacoche-annecy-vert-celadon\/","title":{"rendered":"Sacoche Annecy &#8211; Vert C\u00e9ladon"},"content":{"rendered":"<p>Minimaliste, l\u00e9g\u00e8re et terriblement pratique, cette sacoche compacte r\u00e9unit l\u2019essentiel sans jamais vous encombrer. Son format malin tient pr\u00e8s du corps, tandis que les rangements bien pens\u00e9s gardent tout \u00e0 port\u00e9e de main.<\/p>\n<p>\u00c0 l\u2019int\u00e9rieur, on trouve un grand compartiment, une <strong>poche plate anti\u2011RFID<\/strong> pour prot\u00e9ger vos cartes, une poche zipp\u00e9e s\u00e9curis\u00e9e, une poche en filet respirant et un <strong>attache\u2011cl\u00e9s<\/strong>. Une poche dorsale compl\u00e8te l\u2019organisation pour les objets \u00e0 attraper vite. Le tout dans une teinte <strong>vert c\u00e9ladon<\/strong>, douce et moderne, facile \u00e0 porter au quotidien.<\/p>\n<p>Con\u00e7ue jusqu\u2019\u00e0 <strong>75 % en plastique recycl\u00e9<\/strong> avec des mati\u00e8res rPET\/rPU\/nylon recycl\u00e9, elle coche les cases d\u2019un accessoire <strong>\u00e9co\u2011responsable et vegan<\/strong>. Parfaite pour les trajets urbains, un city-trip ou un festival, elle se fait oublier tout en gardant l\u2019essentiel pr\u00e8s de vous. Dimensions : 20 \u00d7 14 \u00d7 5,5 cm.<\/p>\n","protected":false},"excerpt":{"rendered":"<p>Minimaliste, l\u00e9g\u00e8re et terriblement pratique, cette sacoche compacte r\u00e9unit l\u2019essentiel sans jamais vous encombrer. Son format malin tient pr\u00e8s du corps, tandis que les rangements bien pens\u00e9s gardent tout \u00e0 port\u00e9e de main. \u00c0 l\u2019int\u00e9rieur, on trouve un grand compartiment, une poche plate anti\u2011RFID pour prot\u00e9ger vos cartes, une poche zipp\u00e9e s\u00e9curis\u00e9e, une poche en [&hellip;]<\/p>\n","protected":false},"featured_media":2731376,"comment_status":"open","ping_status":"closed","template":"","meta":[],"product_brand":[],"product_cat":[1756,1764],"product_tag":[1810],"acf":[],"_links":{"self":[{"href":"https:\/\/streetmarkets.fr\/app\/wp-json\/wp\/v2\/product\/2731375"}],"collection":[{"href":"https:\/\/streetmarkets.fr\/app\/wp-json\/wp\/v2\/product"}],"about":[{"href":"https:\/\/streetmarkets.fr\/app\/wp-json\/wp\/v2\/types\/product"}],"replies":[{"embeddable":true,"href":"https:\/\/streetmarkets.fr\/app\/wp-json\/wp\/v2\/comments?post=2731375"}],"wp:featuredmedia":[{"embeddable":true,"href":"https:\/\/streetmarkets.fr\/app\/wp-json\/wp\/v2\/media\/2731376"}],"wp:attachment":[{"href":"https:\/\/streetmarkets.fr\/app\/wp-json\/wp\/v2\/media?parent=2731375"}],"wp:term":[{"taxonomy":"product_brand","embeddable":true,"href":"https:\/\/streetmarkets.fr\/app\/wp-json\/wp\/v2\/product_brand?post=2731375"},{"taxonomy":"product_cat","embeddable":true,"href":"https:\/\/streetmarkets.fr\/app\/wp-json\/wp\/v2\/product_cat?post=2731375"},{"taxonomy":"product_tag","embeddable":true,"href":"https:\/\/streetmarkets.fr\/app\/wp-json\/wp\/v2\/product_tag?post=2731375"}],"curies":[{"name":"wp","href":"https:\/\/api.w.org\/{rel}","templated":true}]}}