{"id":2731355,"date":"2025-09-28T01:14:27","date_gmt":"2025-09-27T23:14:27","guid":{"rendered":"https:\/\/streetmarkets.fr\/app\/produit\/sacoche-annecy-jaune\/"},"modified":"2025-11-24T00:14:55","modified_gmt":"2025-11-23T23:14:55","slug":"sacoche-annecy-jaune","status":"publish","type":"product","link":"https:\/\/streetmarkets.fr\/app\/produit\/sacoche-annecy-jaune\/","title":{"rendered":"Sacoche Annecy &#8211; Jaune"},"content":{"rendered":"<p>Minimaliste, pratique et vraiment maligne, cette petite sacoche tient l\u2019essentiel sans s\u2019encombrer. Son format compact glisse partout, sa l\u00e9g\u00e8ret\u00e9 se fait oublier, et ses rangements bien pens\u00e9s gardent t\u00e9l\u00e9phone, cartes, cl\u00e9s et passeport \u00e0 port\u00e9e de main. La poche plate anti-RFID prot\u00e8ge vos moyens de paiement, la poche zipp\u00e9e s\u00e9curise les objets pr\u00e9cieux et la poche dorsale reste discr\u00e8te contre vous.<\/p>\n<p>Le tissu au toucher doux est compos\u00e9 majoritairement de plastique recycl\u00e9 (75 %), avec une doublure et une bandouli\u00e8re en mati\u00e8res recycl\u00e9es. Vegan et \u00e9co-responsable, elle coche toutes les cases du quotidien comme des d\u00e9parts en week\u2011end. On aime aussi sa teinte jaune solaire, facile \u00e0 rep\u00e9rer dans un grand sac ou \u00e0 l\u2019a\u00e9roport. \u00c0 associer \u00e0 la mini pochette pour une organisation au cordeau.<\/p>\n","protected":false},"excerpt":{"rendered":"<p>Minimaliste, pratique et vraiment maligne, cette petite sacoche tient l\u2019essentiel sans s\u2019encombrer. Son format compact glisse partout, sa l\u00e9g\u00e8ret\u00e9 se fait oublier, et ses rangements bien pens\u00e9s gardent t\u00e9l\u00e9phone, cartes, cl\u00e9s et passeport \u00e0 port\u00e9e de main. La poche plate anti-RFID prot\u00e8ge vos moyens de paiement, la poche zipp\u00e9e s\u00e9curise les objets pr\u00e9cieux et la [&hellip;]<\/p>\n","protected":false},"featured_media":2731356,"comment_status":"open","ping_status":"closed","template":"","meta":[],"product_brand":[],"product_cat":[1756,1764],"product_tag":[1810],"acf":[],"_links":{"self":[{"href":"https:\/\/streetmarkets.fr\/app\/wp-json\/wp\/v2\/product\/2731355"}],"collection":[{"href":"https:\/\/streetmarkets.fr\/app\/wp-json\/wp\/v2\/product"}],"about":[{"href":"https:\/\/streetmarkets.fr\/app\/wp-json\/wp\/v2\/types\/product"}],"replies":[{"embeddable":true,"href":"https:\/\/streetmarkets.fr\/app\/wp-json\/wp\/v2\/comments?post=2731355"}],"wp:featuredmedia":[{"embeddable":true,"href":"https:\/\/streetmarkets.fr\/app\/wp-json\/wp\/v2\/media\/2731356"}],"wp:attachment":[{"href":"https:\/\/streetmarkets.fr\/app\/wp-json\/wp\/v2\/media?parent=2731355"}],"wp:term":[{"taxonomy":"product_brand","embeddable":true,"href":"https:\/\/streetmarkets.fr\/app\/wp-json\/wp\/v2\/product_brand?post=2731355"},{"taxonomy":"product_cat","embeddable":true,"href":"https:\/\/streetmarkets.fr\/app\/wp-json\/wp\/v2\/product_cat?post=2731355"},{"taxonomy":"product_tag","embeddable":true,"href":"https:\/\/streetmarkets.fr\/app\/wp-json\/wp\/v2\/product_tag?post=2731355"}],"curies":[{"name":"wp","href":"https:\/\/api.w.org\/{rel}","templated":true}]}}