{"id":2731351,"date":"2025-09-28T01:14:27","date_gmt":"2025-09-27T23:14:27","guid":{"rendered":"https:\/\/streetmarkets.fr\/app\/produit\/mini-pochette-jaune\/"},"modified":"2025-11-24T00:14:55","modified_gmt":"2025-11-23T23:14:55","slug":"mini-pochette-jaune","status":"publish","type":"product","link":"https:\/\/streetmarkets.fr\/app\/produit\/mini-pochette-jaune\/","title":{"rendered":"Mini pochette &#8211; Jaune"},"content":{"rendered":"<p>Compacte, l\u00e9g\u00e8re et fut\u00e9e, cette mini pochette garde vos petits essentiels en s\u00e9curit\u00e9 et accessibles en un geste. Son mousqueton pivotant s\u2019accroche \u00e0 un sac, une ceinture ou un porte-cl\u00e9s, id\u00e9al pour les AirPods, un badge, quelques pi\u00e8ces ou un c\u00e2ble. \u00c9co-con\u00e7ue avec 90 % de plastique recycl\u00e9, elle marie look soign\u00e9 et sens pratique, tout en prot\u00e9geant de l\u2019humidit\u00e9 gr\u00e2ce \u00e0 ses mat\u00e9riaux imperm\u00e9ables. La couleur jaune apporte une touche lumineuse qui met de bonne humeur, du bureau aux d\u00e9placements.<\/p>\n","protected":false},"excerpt":{"rendered":"<p>Compacte, l\u00e9g\u00e8re et fut\u00e9e, cette mini pochette garde vos petits essentiels en s\u00e9curit\u00e9 et accessibles en un geste. Son mousqueton pivotant s\u2019accroche \u00e0 un sac, une ceinture ou un porte-cl\u00e9s, id\u00e9al pour les AirPods, un badge, quelques pi\u00e8ces ou un c\u00e2ble. \u00c9co-con\u00e7ue avec 90 % de plastique recycl\u00e9, elle marie look soign\u00e9 et sens pratique, [&hellip;]<\/p>\n","protected":false},"featured_media":2731352,"comment_status":"open","ping_status":"closed","template":"","meta":[],"product_brand":[],"product_cat":[1756,1764],"product_tag":[1810],"acf":[],"_links":{"self":[{"href":"https:\/\/streetmarkets.fr\/app\/wp-json\/wp\/v2\/product\/2731351"}],"collection":[{"href":"https:\/\/streetmarkets.fr\/app\/wp-json\/wp\/v2\/product"}],"about":[{"href":"https:\/\/streetmarkets.fr\/app\/wp-json\/wp\/v2\/types\/product"}],"replies":[{"embeddable":true,"href":"https:\/\/streetmarkets.fr\/app\/wp-json\/wp\/v2\/comments?post=2731351"}],"wp:featuredmedia":[{"embeddable":true,"href":"https:\/\/streetmarkets.fr\/app\/wp-json\/wp\/v2\/media\/2731352"}],"wp:attachment":[{"href":"https:\/\/streetmarkets.fr\/app\/wp-json\/wp\/v2\/media?parent=2731351"}],"wp:term":[{"taxonomy":"product_brand","embeddable":true,"href":"https:\/\/streetmarkets.fr\/app\/wp-json\/wp\/v2\/product_brand?post=2731351"},{"taxonomy":"product_cat","embeddable":true,"href":"https:\/\/streetmarkets.fr\/app\/wp-json\/wp\/v2\/product_cat?post=2731351"},{"taxonomy":"product_tag","embeddable":true,"href":"https:\/\/streetmarkets.fr\/app\/wp-json\/wp\/v2\/product_tag?post=2731351"}],"curies":[{"name":"wp","href":"https:\/\/api.w.org\/{rel}","templated":true}]}}