{"id":2731346,"date":"2025-09-28T01:14:26","date_gmt":"2025-09-27T23:14:26","guid":{"rendered":"https:\/\/streetmarkets.fr\/app\/produit\/mini-pochette-noir-basalte\/"},"modified":"2025-11-24T00:14:55","modified_gmt":"2025-11-23T23:14:55","slug":"mini-pochette-noir-basalte","status":"publish","type":"product","link":"https:\/\/streetmarkets.fr\/app\/produit\/mini-pochette-noir-basalte\/","title":{"rendered":"Mini pochette &#8211; Noir basalte"},"content":{"rendered":"<p>Cette mini pochette pens\u00e9e pour le quotidien et le voyage se clipse partout gr\u00e2ce \u00e0 son mousqueton pivotant: sac, passants de ceinture, trousseau de cl\u00e9s. L\u00e9g\u00e8re et compacte, elle accueille vos petits indispensables (AirPods, badge, monnaie) et les prot\u00e8ge de l\u2019humidit\u00e9. Son ext\u00e9rieur en polyester recycl\u00e9 avec rev\u00eatement rPU et sa doublure rPET en font un choix \u00e9co-responsable et vegan, sans compromis sur le style. Le coloris noir basalte est sobre et \u00e9l\u00e9gant: il s\u2019associe \u00e0 tout, du sac de sport au tote bag de tous les jours. Format mini, effet maxi ordre: on sait enfin o\u00f9 sont les micro-objets qui se perdent toujours.<\/p>\n","protected":false},"excerpt":{"rendered":"<p>Cette mini pochette pens\u00e9e pour le quotidien et le voyage se clipse partout gr\u00e2ce \u00e0 son mousqueton pivotant: sac, passants de ceinture, trousseau de cl\u00e9s. L\u00e9g\u00e8re et compacte, elle accueille vos petits indispensables (AirPods, badge, monnaie) et les prot\u00e8ge de l\u2019humidit\u00e9. Son ext\u00e9rieur en polyester recycl\u00e9 avec rev\u00eatement rPU et sa doublure rPET en font [&hellip;]<\/p>\n","protected":false},"featured_media":2731347,"comment_status":"open","ping_status":"closed","template":"","meta":[],"product_brand":[],"product_cat":[1756,1764],"product_tag":[1810],"acf":[],"_links":{"self":[{"href":"https:\/\/streetmarkets.fr\/app\/wp-json\/wp\/v2\/product\/2731346"}],"collection":[{"href":"https:\/\/streetmarkets.fr\/app\/wp-json\/wp\/v2\/product"}],"about":[{"href":"https:\/\/streetmarkets.fr\/app\/wp-json\/wp\/v2\/types\/product"}],"replies":[{"embeddable":true,"href":"https:\/\/streetmarkets.fr\/app\/wp-json\/wp\/v2\/comments?post=2731346"}],"wp:featuredmedia":[{"embeddable":true,"href":"https:\/\/streetmarkets.fr\/app\/wp-json\/wp\/v2\/media\/2731347"}],"wp:attachment":[{"href":"https:\/\/streetmarkets.fr\/app\/wp-json\/wp\/v2\/media?parent=2731346"}],"wp:term":[{"taxonomy":"product_brand","embeddable":true,"href":"https:\/\/streetmarkets.fr\/app\/wp-json\/wp\/v2\/product_brand?post=2731346"},{"taxonomy":"product_cat","embeddable":true,"href":"https:\/\/streetmarkets.fr\/app\/wp-json\/wp\/v2\/product_cat?post=2731346"},{"taxonomy":"product_tag","embeddable":true,"href":"https:\/\/streetmarkets.fr\/app\/wp-json\/wp\/v2\/product_tag?post=2731346"}],"curies":[{"name":"wp","href":"https:\/\/api.w.org\/{rel}","templated":true}]}}