{"id":2726148,"date":"2025-09-27T02:04:15","date_gmt":"2025-09-27T00:04:15","guid":{"rendered":"https:\/\/streetmarkets.fr\/app\/produit\/t-shirt-clean-climb-roots-responsibili-tee-homme-recycle-patagonia\/"},"modified":"2026-05-04T02:04:25","modified_gmt":"2026-05-04T00:04:25","slug":"t-shirt-clean-climb-roots-responsibili-tee-homme-recycle-patagonia","status":"publish","type":"product","link":"https:\/\/streetmarkets.fr\/app\/produit\/t-shirt-clean-climb-roots-responsibili-tee-homme-recycle-patagonia\/","title":{"rendered":"T-shirt Clean Climb Roots Responsibili-Tee\u00ae homme recycl\u00e9 &#8211; Patagonia"},"content":{"rendered":"<h2>T-shirt Clean Climb Roots Responsibili-Tee\u00ae homme recycl\u00e9 &#8211; Patagonia<\/h2>\n<p><img decoding=\"async\" src=\"https:\/\/cdn.shopify.com\/s\/files\/1\/0593\/7093\/0335\/files\/Patagonia-logo_480x480.jpg?v=1678193525\" alt=\"\"><img decoding=\"async\" alt=\"\" src=\"https:\/\/cdn.shopify.com\/s\/files\/1\/0593\/7093\/0335\/files\/Picto_Mode_Textile_480x480.jpg?v=1677763747\"><img decoding=\"async\" alt=\"\" src=\"https:\/\/cdn.shopify.com\/s\/files\/1\/0593\/7093\/0335\/files\/Picto_Fair_Trade_480x480.jpg?v=1677763747\"><img decoding=\"async\" src=\"https:\/\/cdn.shopify.com\/s\/files\/1\/0593\/7093\/0335\/files\/Picto_Matieres_recyclees_480x480.jpg?v=1677763747\" alt=\"\"><\/p>\n<p data-start=\"185\" data-end=\"789\">C\u00e9l\u00e9brez l\u2019h\u00e9ritage du clean climbing avec le T-shirt Clean Climb Roots Responsibili-Tee\u00ae de Patagonia. Inspir\u00e9 par l\u2019engagement pris en 1972 par Yvon Chouinard de r\u00e9duire l\u2019impact de l\u2019escalade sur la nature, ce mod\u00e8le arbore un graphisme s\u00e9rigraphi\u00e9 \u00e0 l\u2019avant et au dos. Con\u00e7u \u00e0 partir de coton et polyester 100 % recycl\u00e9s, il valorise les chutes de tissu et les bouteilles plastiques post-consommation pour limiter l\u2019usage de mati\u00e8res vierges. Sa coupe standard et ses finitions soign\u00e9es offrent confort et durabilit\u00e9, tout en soutenant les travailleurs gr\u00e2ce \u00e0 sa fabrication Fair Trade Certified\u2122.<\/p>\n<p data-start=\"791\" data-end=\"1290\"><strong data-start=\"791\" data-end=\"815\">\u2728 Pourquoi l\u2019adopter<\/strong><br data-start=\"815\" data-end=\"818\">\u267b\ufe0f 100 % recycl\u00e9 : jersey doux en coton et polyester issus du recyclage<br data-start=\"892\" data-end=\"895\">\ud83c\udfa8 Graphisme engag\u00e9 : hommage \u00e0 l\u2019escalade responsable et \u00e0 la pr\u00e9servation de la nature<br data-start=\"987\" data-end=\"990\">\ud83d\udcaa Confort renforc\u00e9 : encolure c\u00f4tel\u00e9e et coutures \u00e9tanch\u00e9es aux \u00e9paules<br data-start=\"1066\" data-end=\"1069\">\ud83d\udccf Coupe polyvalente : bas droit, facile \u00e0 porter rentr\u00e9 ou non<br data-start=\"1136\" data-end=\"1139\">\ud83c\udf0a R\u00e9duction d\u2019impact : valorise des d\u00e9chets textiles et plastiques post-consommation<br data-start=\"1228\" data-end=\"1231\">\ud83e\udd1d Fabrication \u00e9thique : atelier certifi\u00e9 Fair Trade\u2122<\/p>\n<p data-start=\"1292\" data-end=\"1418\"><strong data-start=\"1292\" data-end=\"1310\">\ud83e\udd7e Id\u00e9al pour\u2026<\/strong><br data-start=\"1310\" data-end=\"1313\">Les journ\u00e9es actives, les sorties plein air ou affirmer vos convictions environnementales au quotidien.<\/p>\n<p data-start=\"1420\" data-end=\"1559\"><strong data-start=\"1420\" data-end=\"1436\">\ud83e\uddfc Entretien<\/strong><br data-start=\"1436\" data-end=\"1439\">Laver \u00e0 froid en machine, \u00e9viter le blanchiment. S\u00e9cher \u00e0 basse temp\u00e9rature et repasser \u00e0 chaleur douce si n\u00e9cessaire.<\/p>\n<h3>PATAGONIA<\/h3>\n<p><span><em>\u00ab Acheter pour vivre, au lieu de vivre pour acheter \u00bb, cette phrase\u00a0<\/em>d&#8217;Yvon Chouinard, fondateur peu conventionnel de la marque Patagonia illustre bien le positionnement de la marque.<\/span><\/p>\n<p><span>Depuis 1973, Patagonia propose des v\u00eatements techniques \u00e9co-con\u00e7us de sports de montagne, de surf,\u00a0pour d\u00e9couvrir les grands espaces naturels sauvages.\u00a0Pour concevoir ses v\u00eatements, Patagonia utilise uniquement du coton biologique et des chlorofibres (mati\u00e8res recycl\u00e9es). On pourrait r\u00e9sumer ainsi la philosophie de\u00a0PATAGONIA\u00a0:<em> &#8220;Fabriquer les meilleurs produits en causant le moindre impact environnemental, utiliser le monde des affaires pour inspirer et mettre en place des solutions \u00e0 la crise environnementale.&#8221;<\/em><\/span><\/p>\n<h3>INFORMATIONS<\/h3>\n<p>Mati\u00e8re : jersey 50 % coton recycl\u00e9 et 50 % polyester recycl\u00e9 post-consommation, 186 g\/m\u00b2<br data-start=\"2090\" data-end=\"2093\">Poids : 213 g<br data-start=\"2106\" data-end=\"2109\">Coupe : standard<br data-start=\"2125\" data-end=\"2128\">Pays de fabrication : Mexique<br data-start=\"2157\" data-end=\"2160\">Certifications : Fair Trade Certified\u2122, bluesign\u00ae<\/p>\n","protected":false},"excerpt":{"rendered":"<p>T-shirt Clean Climb Roots Responsibili-Tee\u00ae homme recycl\u00e9 &#8211; Patagonia C\u00e9l\u00e9brez l\u2019h\u00e9ritage du clean climbing avec le T-shirt Clean Climb Roots Responsibili-Tee\u00ae de Patagonia. Inspir\u00e9 par l\u2019engagement pris en 1972 par Yvon Chouinard de r\u00e9duire l\u2019impact de l\u2019escalade sur la nature, ce mod\u00e8le arbore un graphisme s\u00e9rigraphi\u00e9 \u00e0 l\u2019avant et au dos. Con\u00e7u \u00e0 partir de [&hellip;]<\/p>\n","protected":false},"featured_media":2726149,"comment_status":"open","ping_status":"closed","template":"","meta":[],"product_brand":[7133],"product_cat":[1756,1758],"product_tag":[1810],"acf":[],"_links":{"self":[{"href":"https:\/\/streetmarkets.fr\/app\/wp-json\/wp\/v2\/product\/2726148"}],"collection":[{"href":"https:\/\/streetmarkets.fr\/app\/wp-json\/wp\/v2\/product"}],"about":[{"href":"https:\/\/streetmarkets.fr\/app\/wp-json\/wp\/v2\/types\/product"}],"replies":[{"embeddable":true,"href":"https:\/\/streetmarkets.fr\/app\/wp-json\/wp\/v2\/comments?post=2726148"}],"wp:featuredmedia":[{"embeddable":true,"href":"https:\/\/streetmarkets.fr\/app\/wp-json\/wp\/v2\/media\/2726149"}],"wp:attachment":[{"href":"https:\/\/streetmarkets.fr\/app\/wp-json\/wp\/v2\/media?parent=2726148"}],"wp:term":[{"taxonomy":"product_brand","embeddable":true,"href":"https:\/\/streetmarkets.fr\/app\/wp-json\/wp\/v2\/product_brand?post=2726148"},{"taxonomy":"product_cat","embeddable":true,"href":"https:\/\/streetmarkets.fr\/app\/wp-json\/wp\/v2\/product_cat?post=2726148"},{"taxonomy":"product_tag","embeddable":true,"href":"https:\/\/streetmarkets.fr\/app\/wp-json\/wp\/v2\/product_tag?post=2726148"}],"curies":[{"name":"wp","href":"https:\/\/api.w.org\/{rel}","templated":true}]}}