{"id":2726034,"date":"2025-09-27T01:46:13","date_gmt":"2025-09-26T23:46:13","guid":{"rendered":"https:\/\/streetmarkets.fr\/app\/produit\/top-rouille-col-roule-en-coton-bio\/"},"modified":"2026-05-06T01:44:35","modified_gmt":"2026-05-05T23:44:35","slug":"top-rouille-col-roule-en-coton-bio","status":"publish","type":"product","link":"https:\/\/streetmarkets.fr\/app\/produit\/top-rouille-col-roule-en-coton-bio\/","title":{"rendered":"Top rouille col roul\u00e9 en coton bio"},"content":{"rendered":"<ul>\n<li>top en coton <strong>c\u00f4tel\u00e9<\/strong>\n<\/li>\n<li>coloris orange &#8220;rouille&#8221;<\/li>\n<li>col roul\u00e9\n<\/li>\n<li>95% jersey de <strong>coton bio<\/strong> 5% spandex<\/li>\n<li>marque \u00e9thique anglaise\u00a0<strong>Nomads Clothing<\/strong>\n<\/li>\n<\/ul>\n","protected":false},"excerpt":{"rendered":"<p>top en coton c\u00f4tel\u00e9 coloris orange &#8220;rouille&#8221; col roul\u00e9 95% jersey de coton bio 5% spandex marque \u00e9thique anglaise\u00a0Nomads Clothing<\/p>\n","protected":false},"featured_media":2726035,"comment_status":"open","ping_status":"closed","template":"","meta":[],"product_brand":[],"product_cat":[1756,1762],"product_tag":[1810],"acf":[],"_links":{"self":[{"href":"https:\/\/streetmarkets.fr\/app\/wp-json\/wp\/v2\/product\/2726034"}],"collection":[{"href":"https:\/\/streetmarkets.fr\/app\/wp-json\/wp\/v2\/product"}],"about":[{"href":"https:\/\/streetmarkets.fr\/app\/wp-json\/wp\/v2\/types\/product"}],"replies":[{"embeddable":true,"href":"https:\/\/streetmarkets.fr\/app\/wp-json\/wp\/v2\/comments?post=2726034"}],"wp:featuredmedia":[{"embeddable":true,"href":"https:\/\/streetmarkets.fr\/app\/wp-json\/wp\/v2\/media\/2726035"}],"wp:attachment":[{"href":"https:\/\/streetmarkets.fr\/app\/wp-json\/wp\/v2\/media?parent=2726034"}],"wp:term":[{"taxonomy":"product_brand","embeddable":true,"href":"https:\/\/streetmarkets.fr\/app\/wp-json\/wp\/v2\/product_brand?post=2726034"},{"taxonomy":"product_cat","embeddable":true,"href":"https:\/\/streetmarkets.fr\/app\/wp-json\/wp\/v2\/product_cat?post=2726034"},{"taxonomy":"product_tag","embeddable":true,"href":"https:\/\/streetmarkets.fr\/app\/wp-json\/wp\/v2\/product_tag?post=2726034"}],"curies":[{"name":"wp","href":"https:\/\/api.w.org\/{rel}","templated":true}]}}