{"id":2726030,"date":"2025-09-27T01:46:13","date_gmt":"2025-09-26T23:46:13","guid":{"rendered":"https:\/\/streetmarkets.fr\/app\/produit\/chaussettes-animaux-de-la-ferme-en-coton-bio\/"},"modified":"2026-05-06T01:44:24","modified_gmt":"2026-05-05T23:44:24","slug":"chaussettes-animaux-de-la-ferme-en-coton-bio","status":"publish","type":"product","link":"https:\/\/streetmarkets.fr\/app\/produit\/chaussettes-animaux-de-la-ferme-en-coton-bio\/","title":{"rendered":"Chaussettes animaux de la ferme en coton bio"},"content":{"rendered":"<ul data-mce-fragment=\"1\">\n<li data-mce-fragment=\"1\">chaussettes femmes<\/li>\n<li data-mce-fragment=\"1\">th\u00e9matique animaux et vie \u00e0 la ferme\u00a0<\/li>\n<li data-mce-fragment=\"1\">64,6% <strong data-mce-fragment=\"1\">coton bio<\/strong><span data-mce-fragment=\"1\"> 17,2% nylon <strong>recycl\u00e9<\/strong> 16,6% polyester <strong>recycl\u00e9<\/strong> 1,6% \u00e9lasthanne\u00a0<\/span>\n<\/li>\n<li data-mce-fragment=\"1\">tr\u00e8s confortables<\/li>\n<li data-mce-fragment=\"1\">taille<span data-mce-fragment=\"1\">\u00a0<\/span><strong data-mce-fragment=\"1\">unique<\/strong>, 36\/40,<\/li>\n<li data-mce-fragment=\"1\">marque anglaise <strong>Thought<\/strong>\n<\/li>\n<li data-mce-fragment=\"1\"><b data-mce-fragment=\"1\">id\u00e9e cadeau<\/b><\/li>\n<\/ul>\n","protected":false},"excerpt":{"rendered":"<p>chaussettes femmes th\u00e9matique animaux et vie \u00e0 la ferme\u00a0 64,6% coton bio 17,2% nylon recycl\u00e9 16,6% polyester recycl\u00e9 1,6% \u00e9lasthanne\u00a0 tr\u00e8s confortables taille\u00a0unique, 36\/40, marque anglaise Thought id\u00e9e cadeau<\/p>\n","protected":false},"featured_media":2726031,"comment_status":"open","ping_status":"closed","template":"","meta":[],"product_brand":[],"product_cat":[1756,1764],"product_tag":[1810],"acf":[],"_links":{"self":[{"href":"https:\/\/streetmarkets.fr\/app\/wp-json\/wp\/v2\/product\/2726030"}],"collection":[{"href":"https:\/\/streetmarkets.fr\/app\/wp-json\/wp\/v2\/product"}],"about":[{"href":"https:\/\/streetmarkets.fr\/app\/wp-json\/wp\/v2\/types\/product"}],"replies":[{"embeddable":true,"href":"https:\/\/streetmarkets.fr\/app\/wp-json\/wp\/v2\/comments?post=2726030"}],"wp:featuredmedia":[{"embeddable":true,"href":"https:\/\/streetmarkets.fr\/app\/wp-json\/wp\/v2\/media\/2726031"}],"wp:attachment":[{"href":"https:\/\/streetmarkets.fr\/app\/wp-json\/wp\/v2\/media?parent=2726030"}],"wp:term":[{"taxonomy":"product_brand","embeddable":true,"href":"https:\/\/streetmarkets.fr\/app\/wp-json\/wp\/v2\/product_brand?post=2726030"},{"taxonomy":"product_cat","embeddable":true,"href":"https:\/\/streetmarkets.fr\/app\/wp-json\/wp\/v2\/product_cat?post=2726030"},{"taxonomy":"product_tag","embeddable":true,"href":"https:\/\/streetmarkets.fr\/app\/wp-json\/wp\/v2\/product_tag?post=2726030"}],"curies":[{"name":"wp","href":"https:\/\/api.w.org\/{rel}","templated":true}]}}