{"id":2726019,"date":"2025-09-27T01:46:12","date_gmt":"2025-09-26T23:46:12","guid":{"rendered":"https:\/\/streetmarkets.fr\/app\/produit\/socquettes-noires-motif-leopard-en-bambou-et-nylon-recycle\/"},"modified":"2026-05-06T01:44:24","modified_gmt":"2026-05-05T23:44:24","slug":"socquettes-noires-motif-leopard-en-bambou-et-nylon-recycle","status":"publish","type":"product","link":"https:\/\/streetmarkets.fr\/app\/produit\/socquettes-noires-motif-leopard-en-bambou-et-nylon-recycle\/","title":{"rendered":"Socquettes noires motif l\u00e9opard en bambou et nylon recycl\u00e9"},"content":{"rendered":"<ul>\n<li>socquettes femmes<\/li>\n<li><strong>noires transparentes motif l\u00e9opard <\/strong><\/li>\n<li>45,8% <strong>bambou<\/strong>,<span> 31,4%<\/span><span> nylon <\/span><strong>recycl\u00e9,<\/strong> 16,6% <strong>coton bio,<\/strong> 5,5% polyester <strong>recycl\u00e9,<\/strong> 0,7% \u00e9lasthanne\u00a0<\/li>\n<li>tr\u00e8s originales et confortables<\/li>\n<li>\n<strong>anti-bact\u00e9rien<\/strong><span>\u00a0<\/span>et anti-fongique<\/li>\n<li>taille<span>\u00a0<\/span><strong>unique<\/strong>, 36\/40,<\/li>\n<li>marque<span> <strong>\u00e9thique<\/strong> anglaise <\/span><strong>Thought<\/strong>\n<\/li>\n<li><strong>LA SOCQUETTE L\u00c9OPARD !<\/strong><\/li>\n<\/ul>\n","protected":false},"excerpt":{"rendered":"<p>socquettes femmes noires transparentes motif l\u00e9opard 45,8% bambou, 31,4% nylon recycl\u00e9, 16,6% coton bio, 5,5% polyester recycl\u00e9, 0,7% \u00e9lasthanne\u00a0 tr\u00e8s originales et confortables anti-bact\u00e9rien\u00a0et anti-fongique taille\u00a0unique, 36\/40, marque \u00e9thique anglaise Thought LA SOCQUETTE L\u00c9OPARD !<\/p>\n","protected":false},"featured_media":2726020,"comment_status":"open","ping_status":"closed","template":"","meta":[],"product_brand":[],"product_cat":[1756,1764],"product_tag":[1810],"acf":[],"_links":{"self":[{"href":"https:\/\/streetmarkets.fr\/app\/wp-json\/wp\/v2\/product\/2726019"}],"collection":[{"href":"https:\/\/streetmarkets.fr\/app\/wp-json\/wp\/v2\/product"}],"about":[{"href":"https:\/\/streetmarkets.fr\/app\/wp-json\/wp\/v2\/types\/product"}],"replies":[{"embeddable":true,"href":"https:\/\/streetmarkets.fr\/app\/wp-json\/wp\/v2\/comments?post=2726019"}],"wp:featuredmedia":[{"embeddable":true,"href":"https:\/\/streetmarkets.fr\/app\/wp-json\/wp\/v2\/media\/2726020"}],"wp:attachment":[{"href":"https:\/\/streetmarkets.fr\/app\/wp-json\/wp\/v2\/media?parent=2726019"}],"wp:term":[{"taxonomy":"product_brand","embeddable":true,"href":"https:\/\/streetmarkets.fr\/app\/wp-json\/wp\/v2\/product_brand?post=2726019"},{"taxonomy":"product_cat","embeddable":true,"href":"https:\/\/streetmarkets.fr\/app\/wp-json\/wp\/v2\/product_cat?post=2726019"},{"taxonomy":"product_tag","embeddable":true,"href":"https:\/\/streetmarkets.fr\/app\/wp-json\/wp\/v2\/product_tag?post=2726019"}],"curies":[{"name":"wp","href":"https:\/\/api.w.org\/{rel}","templated":true}]}}