{"id":2726011,"date":"2025-09-27T01:46:11","date_gmt":"2025-09-26T23:46:11","guid":{"rendered":"https:\/\/streetmarkets.fr\/app\/produit\/chaussettes-etoiles-en-bambou\/"},"modified":"2026-04-11T01:44:43","modified_gmt":"2026-04-10T23:44:43","slug":"chaussettes-etoiles-en-bambou","status":"publish","type":"product","link":"https:\/\/streetmarkets.fr\/app\/produit\/chaussettes-etoiles-en-bambou\/","title":{"rendered":"Chaussettes \u00e9toiles en bambou"},"content":{"rendered":"<ul data-mce-fragment=\"1\">\n<li data-mce-fragment=\"1\">chaussettes femmes<\/li>\n<li data-mce-fragment=\"1\">motif <strong>\u00e9toiles<\/strong> sur fond bleu<\/li>\n<li data-mce-fragment=\"1\">53,4% <strong data-mce-fragment=\"1\">bambou<\/strong>, 20% polyester <strong>recycl\u00e9<\/strong> 18,9% <strong data-mce-fragment=\"1\">coton bio<\/strong> 6,2% nylon <strong>recycl\u00e9<\/strong> 1,5% \u00e9lasthanne\u00a0<\/li>\n<li data-mce-fragment=\"1\">tr\u00e8s confortables<\/li>\n<li data-mce-fragment=\"1\">\n<strong data-mce-fragment=\"1\">anti-bact\u00e9rien<\/strong><span data-mce-fragment=\"1\">\u00a0<\/span>et anti-fongique<\/li>\n<li data-mce-fragment=\"1\">taille<span data-mce-fragment=\"1\">\u00a0<\/span><strong data-mce-fragment=\"1\">unique<\/strong>, 36\/40,<\/li>\n<li data-mce-fragment=\"1\">marque<span data-mce-fragment=\"1\">\u00a0<\/span><strong data-mce-fragment=\"1\">Thought<\/strong>\n<\/li>\n<li data-mce-fragment=\"1\">\n<strong data-mce-fragment=\"1\">best-seller<\/strong><span data-mce-fragment=\"1\">\u00a0<\/span>de la marque : une jolie <strong>id\u00e9e cadeau\u00a0<\/strong>\n<\/li>\n<\/ul>\n","protected":false},"excerpt":{"rendered":"<p>chaussettes femmes motif \u00e9toiles sur fond bleu 53,4% bambou, 20% polyester recycl\u00e9 18,9% coton bio 6,2% nylon recycl\u00e9 1,5% \u00e9lasthanne\u00a0 tr\u00e8s confortables anti-bact\u00e9rien\u00a0et anti-fongique taille\u00a0unique, 36\/40, marque\u00a0Thought best-seller\u00a0de la marque : une jolie id\u00e9e cadeau\u00a0<\/p>\n","protected":false},"featured_media":2726012,"comment_status":"open","ping_status":"closed","template":"","meta":[],"product_brand":[],"product_cat":[1756,1764],"product_tag":[1810],"acf":[],"_links":{"self":[{"href":"https:\/\/streetmarkets.fr\/app\/wp-json\/wp\/v2\/product\/2726011"}],"collection":[{"href":"https:\/\/streetmarkets.fr\/app\/wp-json\/wp\/v2\/product"}],"about":[{"href":"https:\/\/streetmarkets.fr\/app\/wp-json\/wp\/v2\/types\/product"}],"replies":[{"embeddable":true,"href":"https:\/\/streetmarkets.fr\/app\/wp-json\/wp\/v2\/comments?post=2726011"}],"wp:featuredmedia":[{"embeddable":true,"href":"https:\/\/streetmarkets.fr\/app\/wp-json\/wp\/v2\/media\/2726012"}],"wp:attachment":[{"href":"https:\/\/streetmarkets.fr\/app\/wp-json\/wp\/v2\/media?parent=2726011"}],"wp:term":[{"taxonomy":"product_brand","embeddable":true,"href":"https:\/\/streetmarkets.fr\/app\/wp-json\/wp\/v2\/product_brand?post=2726011"},{"taxonomy":"product_cat","embeddable":true,"href":"https:\/\/streetmarkets.fr\/app\/wp-json\/wp\/v2\/product_cat?post=2726011"},{"taxonomy":"product_tag","embeddable":true,"href":"https:\/\/streetmarkets.fr\/app\/wp-json\/wp\/v2\/product_tag?post=2726011"}],"curies":[{"name":"wp","href":"https:\/\/api.w.org\/{rel}","templated":true}]}}