{"id":2725331,"date":"2025-09-26T08:41:55","date_gmt":"2025-09-26T06:41:55","guid":{"rendered":"https:\/\/streetmarkets.fr\/app\/produit\/sac-nice-brucciato-anthology-paris\/"},"modified":"2026-05-08T08:38:47","modified_gmt":"2026-05-08T06:38:47","slug":"sac-nice-brucciato-anthology-paris","status":"publish","type":"product","link":"https:\/\/streetmarkets.fr\/app\/produit\/sac-nice-brucciato-anthology-paris\/","title":{"rendered":"Sac Nice Brucciato &#8211; Anthology Paris"},"content":{"rendered":"<p>Sac en cuir effet l\u00e9zard avec un compartiment \u00e0 l&#8217;int\u00e9rieur et une pochette sur l\u2019ext\u00e9rieur.\u00a0<\/p>\n<p>Fermeture \u00e9clair, sac doubl\u00e9\u00a0<\/p>\n<p>Ce sac peut se porter \u00e0 l&#8217;\u00e9paule ou en bandouli\u00e8re. \u00a0<\/p>\n","protected":false},"excerpt":{"rendered":"<p>Sac en cuir effet l\u00e9zard avec un compartiment \u00e0 l&#8217;int\u00e9rieur et une pochette sur l\u2019ext\u00e9rieur.\u00a0 Fermeture \u00e9clair, sac doubl\u00e9\u00a0 Ce sac peut se porter \u00e0 l&#8217;\u00e9paule ou en bandouli\u00e8re. \u00a0<\/p>\n","protected":false},"featured_media":2725332,"comment_status":"open","ping_status":"closed","template":"","meta":[],"product_brand":[2540],"product_cat":[1756,1764],"product_tag":[2244],"acf":[],"_links":{"self":[{"href":"https:\/\/streetmarkets.fr\/app\/wp-json\/wp\/v2\/product\/2725331"}],"collection":[{"href":"https:\/\/streetmarkets.fr\/app\/wp-json\/wp\/v2\/product"}],"about":[{"href":"https:\/\/streetmarkets.fr\/app\/wp-json\/wp\/v2\/types\/product"}],"replies":[{"embeddable":true,"href":"https:\/\/streetmarkets.fr\/app\/wp-json\/wp\/v2\/comments?post=2725331"}],"wp:featuredmedia":[{"embeddable":true,"href":"https:\/\/streetmarkets.fr\/app\/wp-json\/wp\/v2\/media\/2725332"}],"wp:attachment":[{"href":"https:\/\/streetmarkets.fr\/app\/wp-json\/wp\/v2\/media?parent=2725331"}],"wp:term":[{"taxonomy":"product_brand","embeddable":true,"href":"https:\/\/streetmarkets.fr\/app\/wp-json\/wp\/v2\/product_brand?post=2725331"},{"taxonomy":"product_cat","embeddable":true,"href":"https:\/\/streetmarkets.fr\/app\/wp-json\/wp\/v2\/product_cat?post=2725331"},{"taxonomy":"product_tag","embeddable":true,"href":"https:\/\/streetmarkets.fr\/app\/wp-json\/wp\/v2\/product_tag?post=2725331"}],"curies":[{"name":"wp","href":"https:\/\/api.w.org\/{rel}","templated":true}]}}