{"id":2725288,"date":"2025-09-26T08:41:50","date_gmt":"2025-09-26T06:41:50","guid":{"rendered":"https:\/\/streetmarkets.fr\/app\/produit\/pull-khaki-x-navy-5538-ct-plage\/"},"modified":"2026-05-10T08:38:38","modified_gmt":"2026-05-10T06:38:38","slug":"pull-khaki-x-navy-5538-ct-plage","status":"publish","type":"product","link":"https:\/\/streetmarkets.fr\/app\/produit\/pull-khaki-x-navy-5538-ct-plage\/","title":{"rendered":"Pull khaki x navy 5538 &#8211; CT Plage"},"content":{"rendered":"<p>Pull l\u00e9ger en 100% laine de couleur khaki avec rayures back navy.\u00a0<\/p>\n<p>Ce pull l\u00e9ger en laine se caract\u00e9rise par sa texture l\u00e9g\u00e8re, fine, douce et de haute qualit\u00e9.\u00a0<\/p>\n<p>\u00a0<\/p>\n","protected":false},"excerpt":{"rendered":"<p>Pull l\u00e9ger en 100% laine de couleur khaki avec rayures back navy.\u00a0 Ce pull l\u00e9ger en laine se caract\u00e9rise par sa texture l\u00e9g\u00e8re, fine, douce et de haute qualit\u00e9.\u00a0 \u00a0<\/p>\n","protected":false},"featured_media":2725289,"comment_status":"open","ping_status":"closed","template":"","meta":[],"product_brand":[],"product_cat":[1756,1762],"product_tag":[2244],"acf":[],"_links":{"self":[{"href":"https:\/\/streetmarkets.fr\/app\/wp-json\/wp\/v2\/product\/2725288"}],"collection":[{"href":"https:\/\/streetmarkets.fr\/app\/wp-json\/wp\/v2\/product"}],"about":[{"href":"https:\/\/streetmarkets.fr\/app\/wp-json\/wp\/v2\/types\/product"}],"replies":[{"embeddable":true,"href":"https:\/\/streetmarkets.fr\/app\/wp-json\/wp\/v2\/comments?post=2725288"}],"wp:featuredmedia":[{"embeddable":true,"href":"https:\/\/streetmarkets.fr\/app\/wp-json\/wp\/v2\/media\/2725289"}],"wp:attachment":[{"href":"https:\/\/streetmarkets.fr\/app\/wp-json\/wp\/v2\/media?parent=2725288"}],"wp:term":[{"taxonomy":"product_brand","embeddable":true,"href":"https:\/\/streetmarkets.fr\/app\/wp-json\/wp\/v2\/product_brand?post=2725288"},{"taxonomy":"product_cat","embeddable":true,"href":"https:\/\/streetmarkets.fr\/app\/wp-json\/wp\/v2\/product_cat?post=2725288"},{"taxonomy":"product_tag","embeddable":true,"href":"https:\/\/streetmarkets.fr\/app\/wp-json\/wp\/v2\/product_tag?post=2725288"}],"curies":[{"name":"wp","href":"https:\/\/api.w.org\/{rel}","templated":true}]}}