{"id":2725239,"date":"2025-09-26T07:38:34","date_gmt":"2025-09-26T05:38:34","guid":{"rendered":"https:\/\/streetmarkets.fr\/app\/produit\/sandy-echarpe-100-cachemire-4-fils-madluv\/"},"modified":"2026-04-15T07:37:04","modified_gmt":"2026-04-15T05:37:04","slug":"sandy-echarpe-100-cachemire-4-fils-madluv","status":"publish","type":"product","link":"https:\/\/streetmarkets.fr\/app\/produit\/sandy-echarpe-100-cachemire-4-fils-madluv\/","title":{"rendered":"SANDY &#8211; Echarpe 100% Cachemire 4 Fils &#8211; Madluv"},"content":{"rendered":"<p>SANDY :Echarpe \u00e9paisse finie par des bandes de couleurs. 4 Fils Cachemire.Bordures de l\u2019\u00e9charpe \u00e0 effet us\u00e9.100% cachemire &#8211;\u00a0Dimensions : 186 cm x 60 cm.Coloris\u00a0: Kamel, Violet.<\/p>\n","protected":false},"excerpt":{"rendered":"<p>SANDY :Echarpe \u00e9paisse finie par des bandes de couleurs. 4 Fils Cachemire.Bordures de l\u2019\u00e9charpe \u00e0 effet us\u00e9.100% cachemire &#8211;\u00a0Dimensions : 186 cm x 60 cm.Coloris\u00a0: Kamel, Violet.<\/p>\n","protected":false},"featured_media":2725240,"comment_status":"open","ping_status":"closed","template":"","meta":[],"product_brand":[],"product_cat":[1756,1764],"product_tag":[2244],"acf":[],"_links":{"self":[{"href":"https:\/\/streetmarkets.fr\/app\/wp-json\/wp\/v2\/product\/2725239"}],"collection":[{"href":"https:\/\/streetmarkets.fr\/app\/wp-json\/wp\/v2\/product"}],"about":[{"href":"https:\/\/streetmarkets.fr\/app\/wp-json\/wp\/v2\/types\/product"}],"replies":[{"embeddable":true,"href":"https:\/\/streetmarkets.fr\/app\/wp-json\/wp\/v2\/comments?post=2725239"}],"wp:featuredmedia":[{"embeddable":true,"href":"https:\/\/streetmarkets.fr\/app\/wp-json\/wp\/v2\/media\/2725240"}],"wp:attachment":[{"href":"https:\/\/streetmarkets.fr\/app\/wp-json\/wp\/v2\/media?parent=2725239"}],"wp:term":[{"taxonomy":"product_brand","embeddable":true,"href":"https:\/\/streetmarkets.fr\/app\/wp-json\/wp\/v2\/product_brand?post=2725239"},{"taxonomy":"product_cat","embeddable":true,"href":"https:\/\/streetmarkets.fr\/app\/wp-json\/wp\/v2\/product_cat?post=2725239"},{"taxonomy":"product_tag","embeddable":true,"href":"https:\/\/streetmarkets.fr\/app\/wp-json\/wp\/v2\/product_tag?post=2725239"}],"curies":[{"name":"wp","href":"https:\/\/api.w.org\/{rel}","templated":true}]}}