{"id":2720297,"date":"2025-09-26T02:21:40","date_gmt":"2025-09-26T00:21:40","guid":{"rendered":"https:\/\/streetmarkets.fr\/app\/produit\/pull-col-montant-h25-femme-fluffy-sunset\/"},"modified":"2026-02-25T00:55:25","modified_gmt":"2026-02-24T23:55:25","slug":"pull-col-montant-h25-femme-fluffy-sunset","status":"publish","type":"product","link":"https:\/\/streetmarkets.fr\/app\/produit\/pull-col-montant-h25-femme-fluffy-sunset\/","title":{"rendered":"Pull Col Montant (H25 \/ FEMME \/ Fluffy Sunset)"},"content":{"rendered":"<p>&#8211; Pull en cachemire 2 fils certifi\u00e9 GCS\u00ae et Polyamide. Il s&#8217;agit d&#8217;une nouvelle technique dans laquelle des fils polyamides sont ins\u00e9r\u00e9s dans un fil cachemire afin de cr\u00e9er cet effet Fluffy qui apporte du relief et du volume au pull.\u00a0<br \/>&#8211; Col montant <br \/>&#8211; Manches longues <br \/>&#8211; Coupe oversize <br \/>&#8211; Le Good Cashmere Standard\u00ae (GCS) est une norme ind\u00e9pendante pour un cachemire plus durable et plus responsable. Il vise \u00e0 am\u00e9liorer le bien-\u00eatre des ch\u00e8vres cachemire, les conditions de travail des \u00e9leveurs ainsi qu&#8217;\u00e0 prot\u00e9ger l&#8217;environnement.<\/p>\n","protected":false},"excerpt":{"rendered":"<p>&#8211; Pull en cachemire 2 fils certifi\u00e9 GCS\u00ae et Polyamide. Il s&#8217;agit d&#8217;une nouvelle technique dans laquelle des fils polyamides sont ins\u00e9r\u00e9s dans un fil cachemire afin de cr\u00e9er cet effet Fluffy qui apporte du relief et du volume au pull.\u00a0&#8211; Col montant &#8211; Manches longues &#8211; Coupe oversize &#8211; Le Good Cashmere Standard\u00ae (GCS) [&hellip;]<\/p>\n","protected":false},"featured_media":2720298,"comment_status":"open","ping_status":"closed","template":"","meta":[],"product_brand":[6868],"product_cat":[1756,1762],"product_tag":[2244],"acf":[],"_links":{"self":[{"href":"https:\/\/streetmarkets.fr\/app\/wp-json\/wp\/v2\/product\/2720297"}],"collection":[{"href":"https:\/\/streetmarkets.fr\/app\/wp-json\/wp\/v2\/product"}],"about":[{"href":"https:\/\/streetmarkets.fr\/app\/wp-json\/wp\/v2\/types\/product"}],"replies":[{"embeddable":true,"href":"https:\/\/streetmarkets.fr\/app\/wp-json\/wp\/v2\/comments?post=2720297"}],"wp:featuredmedia":[{"embeddable":true,"href":"https:\/\/streetmarkets.fr\/app\/wp-json\/wp\/v2\/media\/2720298"}],"wp:attachment":[{"href":"https:\/\/streetmarkets.fr\/app\/wp-json\/wp\/v2\/media?parent=2720297"}],"wp:term":[{"taxonomy":"product_brand","embeddable":true,"href":"https:\/\/streetmarkets.fr\/app\/wp-json\/wp\/v2\/product_brand?post=2720297"},{"taxonomy":"product_cat","embeddable":true,"href":"https:\/\/streetmarkets.fr\/app\/wp-json\/wp\/v2\/product_cat?post=2720297"},{"taxonomy":"product_tag","embeddable":true,"href":"https:\/\/streetmarkets.fr\/app\/wp-json\/wp\/v2\/product_tag?post=2720297"}],"curies":[{"name":"wp","href":"https:\/\/api.w.org\/{rel}","templated":true}]}}