{"id":2720212,"date":"2025-09-26T02:21:30","date_gmt":"2025-09-26T00:21:30","guid":{"rendered":"https:\/\/streetmarkets.fr\/app\/produit\/pull-col-roule-h25-femme-cosmic-pink\/"},"modified":"2026-02-17T00:53:33","modified_gmt":"2026-02-16T23:53:33","slug":"pull-col-roule-h25-femme-cosmic-pink","status":"publish","type":"product","link":"https:\/\/streetmarkets.fr\/app\/produit\/pull-col-roule-h25-femme-cosmic-pink\/","title":{"rendered":"Pull Col Roul\u00e9 (H25 \/ FEMME \/ Cosmic Pink)"},"content":{"rendered":"<p>&#8211; Pull en laine merinos 2 fils certifi\u00e9e RWS\u00ae Femme<br \/>\n<br \/>&#8211; Manches longues<br \/>\n<br \/>&#8211; Col roul\u00e9<br \/>\n<br \/>&#8211; Bandes contrast\u00e9es<br \/>\n<br \/>&#8211; Coupe courte et regular<br \/>\n<br \/>&#8211; Laine m\u00e9rinos extra fine d&#8217;Australie : respirante et thermor\u00e9gulatrice, elle peut \u00eatre port\u00e9e \u00e9t\u00e9 comme hiver<\/p>\n","protected":false},"excerpt":{"rendered":"<p>&#8211; Pull en laine merinos 2 fils certifi\u00e9e RWS\u00ae Femme &#8211; Manches longues &#8211; Col roul\u00e9 &#8211; Bandes contrast\u00e9es &#8211; Coupe courte et regular &#8211; Laine m\u00e9rinos extra fine d&#8217;Australie : respirante et thermor\u00e9gulatrice, elle peut \u00eatre port\u00e9e \u00e9t\u00e9 comme hiver<\/p>\n","protected":false},"featured_media":2720213,"comment_status":"open","ping_status":"closed","template":"","meta":[],"product_brand":[6868],"product_cat":[1756,1762],"product_tag":[2244],"acf":[],"_links":{"self":[{"href":"https:\/\/streetmarkets.fr\/app\/wp-json\/wp\/v2\/product\/2720212"}],"collection":[{"href":"https:\/\/streetmarkets.fr\/app\/wp-json\/wp\/v2\/product"}],"about":[{"href":"https:\/\/streetmarkets.fr\/app\/wp-json\/wp\/v2\/types\/product"}],"replies":[{"embeddable":true,"href":"https:\/\/streetmarkets.fr\/app\/wp-json\/wp\/v2\/comments?post=2720212"}],"wp:featuredmedia":[{"embeddable":true,"href":"https:\/\/streetmarkets.fr\/app\/wp-json\/wp\/v2\/media\/2720213"}],"wp:attachment":[{"href":"https:\/\/streetmarkets.fr\/app\/wp-json\/wp\/v2\/media?parent=2720212"}],"wp:term":[{"taxonomy":"product_brand","embeddable":true,"href":"https:\/\/streetmarkets.fr\/app\/wp-json\/wp\/v2\/product_brand?post=2720212"},{"taxonomy":"product_cat","embeddable":true,"href":"https:\/\/streetmarkets.fr\/app\/wp-json\/wp\/v2\/product_cat?post=2720212"},{"taxonomy":"product_tag","embeddable":true,"href":"https:\/\/streetmarkets.fr\/app\/wp-json\/wp\/v2\/product_tag?post=2720212"}],"curies":[{"name":"wp","href":"https:\/\/api.w.org\/{rel}","templated":true}]}}