{"id":2720204,"date":"2025-09-26T02:21:29","date_gmt":"2025-09-26T00:21:29","guid":{"rendered":"https:\/\/streetmarkets.fr\/app\/produit\/pull-col-roule-h25-femme-beige-chine\/"},"modified":"2026-01-26T00:52:18","modified_gmt":"2026-01-25T23:52:18","slug":"pull-col-roule-h25-femme-beige-chine","status":"publish","type":"product","link":"https:\/\/streetmarkets.fr\/app\/produit\/pull-col-roule-h25-femme-beige-chine\/","title":{"rendered":"Pull Col Roul\u00e9 (H25 \/ FEMME \/ Beige Chin\u00e9)"},"content":{"rendered":"<p>&#8211; Pull en laine merinos 2 fils certifi\u00e9e RWS\u00ae Femme <br \/>&#8211; Manches longues <br \/>&#8211; Col roul\u00e9 <br \/>&#8211; Liser\u00e9s contrast\u00e9s <br \/>&#8211; Coupe courte et regular <br \/>&#8211; Laine m\u00e9rinos extra fine d&#8217;Australie : respirante et thermor\u00e9gulatrice, elle peut \u00eatre port\u00e9e \u00e9t\u00e9 comme hiver<\/p>\n","protected":false},"excerpt":{"rendered":"<p>&#8211; Pull en laine merinos 2 fils certifi\u00e9e RWS\u00ae Femme &#8211; Manches longues &#8211; Col roul\u00e9 &#8211; Liser\u00e9s contrast\u00e9s &#8211; Coupe courte et regular &#8211; Laine m\u00e9rinos extra fine d&#8217;Australie : respirante et thermor\u00e9gulatrice, elle peut \u00eatre port\u00e9e \u00e9t\u00e9 comme hiver<\/p>\n","protected":false},"featured_media":2720205,"comment_status":"open","ping_status":"closed","template":"","meta":[],"product_brand":[6868],"product_cat":[1756,1762],"product_tag":[2244],"acf":[],"_links":{"self":[{"href":"https:\/\/streetmarkets.fr\/app\/wp-json\/wp\/v2\/product\/2720204"}],"collection":[{"href":"https:\/\/streetmarkets.fr\/app\/wp-json\/wp\/v2\/product"}],"about":[{"href":"https:\/\/streetmarkets.fr\/app\/wp-json\/wp\/v2\/types\/product"}],"replies":[{"embeddable":true,"href":"https:\/\/streetmarkets.fr\/app\/wp-json\/wp\/v2\/comments?post=2720204"}],"wp:featuredmedia":[{"embeddable":true,"href":"https:\/\/streetmarkets.fr\/app\/wp-json\/wp\/v2\/media\/2720205"}],"wp:attachment":[{"href":"https:\/\/streetmarkets.fr\/app\/wp-json\/wp\/v2\/media?parent=2720204"}],"wp:term":[{"taxonomy":"product_brand","embeddable":true,"href":"https:\/\/streetmarkets.fr\/app\/wp-json\/wp\/v2\/product_brand?post=2720204"},{"taxonomy":"product_cat","embeddable":true,"href":"https:\/\/streetmarkets.fr\/app\/wp-json\/wp\/v2\/product_cat?post=2720204"},{"taxonomy":"product_tag","embeddable":true,"href":"https:\/\/streetmarkets.fr\/app\/wp-json\/wp\/v2\/product_tag?post=2720204"}],"curies":[{"name":"wp","href":"https:\/\/api.w.org\/{rel}","templated":true}]}}