{"id":2720011,"date":"2025-09-26T02:19:55","date_gmt":"2025-09-26T00:19:55","guid":{"rendered":"https:\/\/streetmarkets.fr\/app\/produit\/pull-col-montant-h25-femme-gris-chine-fonce\/"},"modified":"2026-02-25T00:55:23","modified_gmt":"2026-02-24T23:55:23","slug":"pull-col-montant-h25-femme-gris-chine-fonce","status":"publish","type":"product","link":"https:\/\/streetmarkets.fr\/app\/produit\/pull-col-montant-h25-femme-gris-chine-fonce\/","title":{"rendered":"Pull Col Montant (H25 \/ FEMME \/ Gris Chin\u00e9 Fonc\u00e9)"},"content":{"rendered":"<p><!--td {border: 1px solid #cccccc;}br {mso-data-placement:same-cell;}--><\/p>\n<p><span data-sheets-root=\"1\">Douceur et l\u00e9g\u00e8ret\u00e9 pour ce pull court confectionn\u00e9 en cachemire. Muni d&#8217;un col montant et de bords c\u00f4tel\u00e9s, il se twiste de bandes aux couleurs vibrantes le long des manches. Id\u00e9al pour structurer la silhouette avec audace, mixez-le \u00e0 un jean casual ou une jupe fluide.<\/p>\n<p>&#8211; Pull court en cachemire 2 fils certifi\u00e9 GCS\u00ae Femme<br \/>&#8211; Col montant <br \/>&#8211; Bandes multicolores <br \/>&#8211; Manches longues<br \/>&#8211; Bords c\u00f4tel\u00e9s<br \/>&#8211; Coupe regular<br \/>&#8211; Le Good Cashmere Standard\u00ae (GCS) est une norme ind\u00e9pendante pour un cachemire plus durable et plus responsable. Il vise \u00e0 am\u00e9liorer le bien-\u00eatre des ch\u00e8vres cachemire, les conditions de travail des \u00e9leveurs ainsi qu&#8217;\u00e0 prot\u00e9ger l&#8217;environnement.<\/span><\/p>\n","protected":false},"excerpt":{"rendered":"<p>Douceur et l\u00e9g\u00e8ret\u00e9 pour ce pull court confectionn\u00e9 en cachemire. Muni d&#8217;un col montant et de bords c\u00f4tel\u00e9s, il se twiste de bandes aux couleurs vibrantes le long des manches. Id\u00e9al pour structurer la silhouette avec audace, mixez-le \u00e0 un jean casual ou une jupe fluide. &#8211; Pull court en cachemire 2 fils certifi\u00e9 GCS\u00ae [&hellip;]<\/p>\n","protected":false},"featured_media":2720012,"comment_status":"open","ping_status":"closed","template":"","meta":[],"product_brand":[6868],"product_cat":[1756,1762],"product_tag":[2244],"acf":[],"_links":{"self":[{"href":"https:\/\/streetmarkets.fr\/app\/wp-json\/wp\/v2\/product\/2720011"}],"collection":[{"href":"https:\/\/streetmarkets.fr\/app\/wp-json\/wp\/v2\/product"}],"about":[{"href":"https:\/\/streetmarkets.fr\/app\/wp-json\/wp\/v2\/types\/product"}],"replies":[{"embeddable":true,"href":"https:\/\/streetmarkets.fr\/app\/wp-json\/wp\/v2\/comments?post=2720011"}],"wp:featuredmedia":[{"embeddable":true,"href":"https:\/\/streetmarkets.fr\/app\/wp-json\/wp\/v2\/media\/2720012"}],"wp:attachment":[{"href":"https:\/\/streetmarkets.fr\/app\/wp-json\/wp\/v2\/media?parent=2720011"}],"wp:term":[{"taxonomy":"product_brand","embeddable":true,"href":"https:\/\/streetmarkets.fr\/app\/wp-json\/wp\/v2\/product_brand?post=2720011"},{"taxonomy":"product_cat","embeddable":true,"href":"https:\/\/streetmarkets.fr\/app\/wp-json\/wp\/v2\/product_cat?post=2720011"},{"taxonomy":"product_tag","embeddable":true,"href":"https:\/\/streetmarkets.fr\/app\/wp-json\/wp\/v2\/product_tag?post=2720011"}],"curies":[{"name":"wp","href":"https:\/\/api.w.org\/{rel}","templated":true}]}}