{"id":2719975,"date":"2025-09-26T02:19:52","date_gmt":"2025-09-26T00:19:52","guid":{"rendered":"https:\/\/streetmarkets.fr\/app\/produit\/pull-col-montant-h25-femme-noir\/"},"modified":"2026-02-25T00:54:56","modified_gmt":"2026-02-24T23:54:56","slug":"pull-col-montant-h25-femme-noir","status":"publish","type":"product","link":"https:\/\/streetmarkets.fr\/app\/produit\/pull-col-montant-h25-femme-noir\/","title":{"rendered":"Pull Col Montant Bandes Manches (H25 \/ FEMME \/ Noir)"},"content":{"rendered":"<p>Pi\u00e8ce signature du vestiaire From Future, ce pull court en cachemire l\u00e9ger se pare de bandes multicolores aux manches. Muni d&#8217;un col montant et de bords c\u00f4tel\u00e9s, il r\u00e9veille votre silhouette de saison avec un suppl\u00e9ment d&#8217;audace. Mixez-le \u00e0 un pantalon large ou une jupe fluide.<\/p>\n<p>&#8211; Pull court en 100% cachemire 2 fils certifi\u00e9 GCS\u00ae\u00a0<br \/>&#8211; Col montant <br \/>&#8211; Bandes multicolores<br \/>&#8211; Bords c\u00f4tel\u00e9s <br \/>&#8211; Coupe droite\u00a0<br \/>&#8211; Le Good Cashmere Standard\u00ae (GCS) est une norme ind\u00e9pendante pour un cachemire plus durable et plus responsable. Il vise \u00e0 am\u00e9liorer le bien-\u00eatre des ch\u00e8vres cachemire, les conditions de travail des \u00e9leveurs ainsi qu&#8217;\u00e0 prot\u00e9ger l&#8217;environnement.<\/p>\n","protected":false},"excerpt":{"rendered":"<p>Pi\u00e8ce signature du vestiaire From Future, ce pull court en cachemire l\u00e9ger se pare de bandes multicolores aux manches. Muni d&#8217;un col montant et de bords c\u00f4tel\u00e9s, il r\u00e9veille votre silhouette de saison avec un suppl\u00e9ment d&#8217;audace. Mixez-le \u00e0 un pantalon large ou une jupe fluide. &#8211; Pull court en 100% cachemire 2 fils certifi\u00e9 [&hellip;]<\/p>\n","protected":false},"featured_media":2719976,"comment_status":"open","ping_status":"closed","template":"","meta":[],"product_brand":[6868],"product_cat":[1756,1762],"product_tag":[2244],"acf":[],"_links":{"self":[{"href":"https:\/\/streetmarkets.fr\/app\/wp-json\/wp\/v2\/product\/2719975"}],"collection":[{"href":"https:\/\/streetmarkets.fr\/app\/wp-json\/wp\/v2\/product"}],"about":[{"href":"https:\/\/streetmarkets.fr\/app\/wp-json\/wp\/v2\/types\/product"}],"replies":[{"embeddable":true,"href":"https:\/\/streetmarkets.fr\/app\/wp-json\/wp\/v2\/comments?post=2719975"}],"wp:featuredmedia":[{"embeddable":true,"href":"https:\/\/streetmarkets.fr\/app\/wp-json\/wp\/v2\/media\/2719976"}],"wp:attachment":[{"href":"https:\/\/streetmarkets.fr\/app\/wp-json\/wp\/v2\/media?parent=2719975"}],"wp:term":[{"taxonomy":"product_brand","embeddable":true,"href":"https:\/\/streetmarkets.fr\/app\/wp-json\/wp\/v2\/product_brand?post=2719975"},{"taxonomy":"product_cat","embeddable":true,"href":"https:\/\/streetmarkets.fr\/app\/wp-json\/wp\/v2\/product_cat?post=2719975"},{"taxonomy":"product_tag","embeddable":true,"href":"https:\/\/streetmarkets.fr\/app\/wp-json\/wp\/v2\/product_tag?post=2719975"}],"curies":[{"name":"wp","href":"https:\/\/api.w.org\/{rel}","templated":true}]}}