{"id":2719954,"date":"2025-09-26T02:19:50","date_gmt":"2025-09-26T00:19:50","guid":{"rendered":"https:\/\/streetmarkets.fr\/app\/produit\/pull-hoodie-h25-femme-fantasy-pink\/"},"modified":"2026-02-03T00:50:45","modified_gmt":"2026-02-02T23:50:45","slug":"pull-hoodie-h25-femme-fantasy-pink","status":"publish","type":"product","link":"https:\/\/streetmarkets.fr\/app\/produit\/pull-hoodie-h25-femme-fantasy-pink\/","title":{"rendered":"Pull Hoodie (H25 \/ FEMME \/ Fantasy Pink)"},"content":{"rendered":"<p>Twist\u00e9 de d\u00e9tails c\u00f4tel\u00e9s, ce pull hoodie court s&#8217;adopte sans effort pour une silhouette d\u00e9contract\u00e9e. Confectionn\u00e9 en cachemire, il est muni d&#8217;une capuche \u00e0 cordons, de manches longues et de bords ajust\u00e9s. \u00c0 porter sans mod\u00e9ration, il s&#8217;associe \u00e0 une jupe fluide ou un pantalon ample.<\/p>\n<p>&#8211; Pull hoodie court en cachemire 4 fils certifi\u00e9 GCS\u00ae Femme<br \/>\n<br \/>&#8211; D\u00e9tails c\u00f4tel\u00e9s<br \/>\n<br \/>&#8211; Capuche \u00e0 cordons<br \/>\n<br \/>&#8211; Manches longues<br \/>\n<br \/>&#8211; Bords c\u00f4tel\u00e9s<br \/>\n<br \/>&#8211; Coupe regular<br \/>\n<br \/>&#8211; Le Good Cashmere Standard\u00ae (GCS) est une norme ind\u00e9pendante pour un cachemire plus durable et plus responsable. Il vise \u00e0 am\u00e9liorer le bien-\u00eatre des ch\u00e8vres cachemire, les conditions de travail des \u00e9leveurs ainsi qu&#8217;\u00e0 prot\u00e9ger l&#8217;environnement.<\/p>\n","protected":false},"excerpt":{"rendered":"<p>Twist\u00e9 de d\u00e9tails c\u00f4tel\u00e9s, ce pull hoodie court s&#8217;adopte sans effort pour une silhouette d\u00e9contract\u00e9e. Confectionn\u00e9 en cachemire, il est muni d&#8217;une capuche \u00e0 cordons, de manches longues et de bords ajust\u00e9s. \u00c0 porter sans mod\u00e9ration, il s&#8217;associe \u00e0 une jupe fluide ou un pantalon ample. &#8211; Pull hoodie court en cachemire 4 fils certifi\u00e9 [&hellip;]<\/p>\n","protected":false},"featured_media":2719955,"comment_status":"open","ping_status":"closed","template":"","meta":[],"product_brand":[6868],"product_cat":[1756,1762],"product_tag":[2244],"acf":[],"_links":{"self":[{"href":"https:\/\/streetmarkets.fr\/app\/wp-json\/wp\/v2\/product\/2719954"}],"collection":[{"href":"https:\/\/streetmarkets.fr\/app\/wp-json\/wp\/v2\/product"}],"about":[{"href":"https:\/\/streetmarkets.fr\/app\/wp-json\/wp\/v2\/types\/product"}],"replies":[{"embeddable":true,"href":"https:\/\/streetmarkets.fr\/app\/wp-json\/wp\/v2\/comments?post=2719954"}],"wp:featuredmedia":[{"embeddable":true,"href":"https:\/\/streetmarkets.fr\/app\/wp-json\/wp\/v2\/media\/2719955"}],"wp:attachment":[{"href":"https:\/\/streetmarkets.fr\/app\/wp-json\/wp\/v2\/media?parent=2719954"}],"wp:term":[{"taxonomy":"product_brand","embeddable":true,"href":"https:\/\/streetmarkets.fr\/app\/wp-json\/wp\/v2\/product_brand?post=2719954"},{"taxonomy":"product_cat","embeddable":true,"href":"https:\/\/streetmarkets.fr\/app\/wp-json\/wp\/v2\/product_cat?post=2719954"},{"taxonomy":"product_tag","embeddable":true,"href":"https:\/\/streetmarkets.fr\/app\/wp-json\/wp\/v2\/product_tag?post=2719954"}],"curies":[{"name":"wp","href":"https:\/\/api.w.org\/{rel}","templated":true}]}}