{"id":2719904,"date":"2025-09-26T02:19:45","date_gmt":"2025-09-26T00:19:45","guid":{"rendered":"https:\/\/streetmarkets.fr\/app\/produit\/outerwear-manteau-h25-femme-chocolat\/"},"modified":"2026-03-09T00:49:27","modified_gmt":"2026-03-08T23:49:27","slug":"outerwear-manteau-h25-femme-chocolat","status":"publish","type":"product","link":"https:\/\/streetmarkets.fr\/app\/produit\/outerwear-manteau-h25-femme-chocolat\/","title":{"rendered":"Outerwear Manteau (H25 \/ FEMME \/ Chocolat)"},"content":{"rendered":"<p>Ce manteau long, confectionn\u00e9 en laine s&#8217;impose comme la pi\u00e8ce ma\u00eetresse de la saison. Muni d&#8217;un col tailleur et de deux poches lat\u00e9rales, il se pare d&#8217;une ceinture amovible, \u00e0 nouer selon vos envies pour cr\u00e9er un jeu de volumes.<\/p>\n<p>&#8211; Manteau long en laine Femme <br \/>&#8211; Col tailleur <br \/>&#8211; Ceinture amovible <br \/>&#8211; 2 poches lat\u00e9rales <br \/>&#8211; Fentes sur le c\u00f4t\u00e9 <br \/>&#8211; Manches longues <br \/>&#8211; Coupe regular<\/p>\n","protected":false},"excerpt":{"rendered":"<p>Ce manteau long, confectionn\u00e9 en laine s&#8217;impose comme la pi\u00e8ce ma\u00eetresse de la saison. Muni d&#8217;un col tailleur et de deux poches lat\u00e9rales, il se pare d&#8217;une ceinture amovible, \u00e0 nouer selon vos envies pour cr\u00e9er un jeu de volumes. &#8211; Manteau long en laine Femme &#8211; Col tailleur &#8211; Ceinture amovible &#8211; 2 poches [&hellip;]<\/p>\n","protected":false},"featured_media":2719905,"comment_status":"open","ping_status":"closed","template":"","meta":[],"product_brand":[6868],"product_cat":[1756,1762],"product_tag":[2244],"acf":[],"_links":{"self":[{"href":"https:\/\/streetmarkets.fr\/app\/wp-json\/wp\/v2\/product\/2719904"}],"collection":[{"href":"https:\/\/streetmarkets.fr\/app\/wp-json\/wp\/v2\/product"}],"about":[{"href":"https:\/\/streetmarkets.fr\/app\/wp-json\/wp\/v2\/types\/product"}],"replies":[{"embeddable":true,"href":"https:\/\/streetmarkets.fr\/app\/wp-json\/wp\/v2\/comments?post=2719904"}],"wp:featuredmedia":[{"embeddable":true,"href":"https:\/\/streetmarkets.fr\/app\/wp-json\/wp\/v2\/media\/2719905"}],"wp:attachment":[{"href":"https:\/\/streetmarkets.fr\/app\/wp-json\/wp\/v2\/media?parent=2719904"}],"wp:term":[{"taxonomy":"product_brand","embeddable":true,"href":"https:\/\/streetmarkets.fr\/app\/wp-json\/wp\/v2\/product_brand?post=2719904"},{"taxonomy":"product_cat","embeddable":true,"href":"https:\/\/streetmarkets.fr\/app\/wp-json\/wp\/v2\/product_cat?post=2719904"},{"taxonomy":"product_tag","embeddable":true,"href":"https:\/\/streetmarkets.fr\/app\/wp-json\/wp\/v2\/product_tag?post=2719904"}],"curies":[{"name":"wp","href":"https:\/\/api.w.org\/{rel}","templated":true}]}}