{"id":2719818,"date":"2025-09-26T02:19:36","date_gmt":"2025-09-26T00:19:36","guid":{"rendered":"https:\/\/streetmarkets.fr\/app\/produit\/jogging-large-h25-femme-noir\/"},"modified":"2026-03-09T00:49:27","modified_gmt":"2026-03-08T23:49:27","slug":"jogging-large-h25-femme-noir","status":"publish","type":"product","link":"https:\/\/streetmarkets.fr\/app\/produit\/jogging-large-h25-femme-noir\/","title":{"rendered":"Jogging Large (H25 \/ FEMME \/ Noir)"},"content":{"rendered":"<p>Enveloppez-vous de douceur avec ce jogging large, confectionn\u00e9 en cachemire. Muni d&#8217;une taille \u00e9lastiqu\u00e9e et de deux poches lat\u00e9rales, il d\u00e9voile un c\u0153ur orn\u00e9 d&#8217;une broderie &#8220;FUTURE&#8221; sur la poche au dos. Pi\u00e8ce incontournable du vestiaire FROM FUTURE, il se mixe ais\u00e9ment \u00e0 un pull contrast\u00e9 et une casquette signature.<\/p>\n<p>&#8211; Jogging large en cachemire certifi\u00e9 GCS\u00ae Femme<br \/>\n<br \/>&#8211; Cordons de serrage \u00e0 la taille<br \/>\n<br \/>&#8211; 2 poches lat\u00e9rales<br \/>\n<br \/>&#8211; 1 poche au dos<br \/>\n<br \/>&#8211; C\u0153ur brod\u00e9 &#8220;Future&#8221;<br \/>\n<br \/>&#8211; Coupe regular<br \/>\n<br \/>&#8211; Le Good Cashmere Standard\u00ae (GCS) est une norme ind\u00e9pendante pour un cachemire plus durable et plus responsable. Il vise \u00e0 am\u00e9liorer le bien-\u00eatre des ch\u00e8vres cachemire, les conditions de travail des \u00e9leveurs ainsi qu&#8217;\u00e0 prot\u00e9ger l&#8217;environnement.<br \/>&#8211; <u>Cachemire 2 fils<\/u> <\/p>\n","protected":false},"excerpt":{"rendered":"<p>Enveloppez-vous de douceur avec ce jogging large, confectionn\u00e9 en cachemire. Muni d&#8217;une taille \u00e9lastiqu\u00e9e et de deux poches lat\u00e9rales, il d\u00e9voile un c\u0153ur orn\u00e9 d&#8217;une broderie &#8220;FUTURE&#8221; sur la poche au dos. Pi\u00e8ce incontournable du vestiaire FROM FUTURE, il se mixe ais\u00e9ment \u00e0 un pull contrast\u00e9 et une casquette signature. &#8211; Jogging large en cachemire [&hellip;]<\/p>\n","protected":false},"featured_media":2719819,"comment_status":"open","ping_status":"closed","template":"","meta":[],"product_brand":[6868],"product_cat":[1756,1762],"product_tag":[2244],"acf":[],"_links":{"self":[{"href":"https:\/\/streetmarkets.fr\/app\/wp-json\/wp\/v2\/product\/2719818"}],"collection":[{"href":"https:\/\/streetmarkets.fr\/app\/wp-json\/wp\/v2\/product"}],"about":[{"href":"https:\/\/streetmarkets.fr\/app\/wp-json\/wp\/v2\/types\/product"}],"replies":[{"embeddable":true,"href":"https:\/\/streetmarkets.fr\/app\/wp-json\/wp\/v2\/comments?post=2719818"}],"wp:featuredmedia":[{"embeddable":true,"href":"https:\/\/streetmarkets.fr\/app\/wp-json\/wp\/v2\/media\/2719819"}],"wp:attachment":[{"href":"https:\/\/streetmarkets.fr\/app\/wp-json\/wp\/v2\/media?parent=2719818"}],"wp:term":[{"taxonomy":"product_brand","embeddable":true,"href":"https:\/\/streetmarkets.fr\/app\/wp-json\/wp\/v2\/product_brand?post=2719818"},{"taxonomy":"product_cat","embeddable":true,"href":"https:\/\/streetmarkets.fr\/app\/wp-json\/wp\/v2\/product_cat?post=2719818"},{"taxonomy":"product_tag","embeddable":true,"href":"https:\/\/streetmarkets.fr\/app\/wp-json\/wp\/v2\/product_tag?post=2719818"}],"curies":[{"name":"wp","href":"https:\/\/api.w.org\/{rel}","templated":true}]}}