{"id":2719794,"date":"2025-09-26T02:19:33","date_gmt":"2025-09-26T00:19:33","guid":{"rendered":"https:\/\/streetmarkets.fr\/app\/produit\/pull-col-rond-h25-homme-storm-grey-2\/"},"modified":"2026-02-02T00:53:29","modified_gmt":"2026-02-01T23:53:29","slug":"pull-col-rond-h25-homme-storm-grey-2","status":"publish","type":"product","link":"https:\/\/streetmarkets.fr\/app\/produit\/pull-col-rond-h25-homme-storm-grey-2\/","title":{"rendered":"Pull Col Rond (H25 \/ HOMME \/ Storm Grey)"},"content":{"rendered":"<p>Ce pull confectionn\u00e9 en cachemire 4 fils s&#8217;impose comme un indispensable de la saison. Muni d&#8217;un col rond et de manches longues, sa maille raffin\u00e9e vous enveloppe de douceur. Associez-le \u00e0 un pantalon droit pour un look structur\u00e9 ou \u00e0 un jean pour une tenue plus d\u00e9contract\u00e9e.<\/p>\n<p>&#8211; Pull en cachemire 4 fils certifi\u00e9 GCS\u00ae Homme<br \/>\n<br \/>&#8211; Col rond<br \/>\n<br \/>&#8211; Manches longues<br \/>\n<br \/>&#8211; Bords c\u00f4tel\u00e9s<br \/>\n<br \/>&#8211; Coupe regular<br \/>\n<br \/>&#8211; Le Good Cashmere Standard\u00ae (GCS) est une norme ind\u00e9pendante pour un cachemire plus durable et plus responsable. Il vise \u00e0 am\u00e9liorer le bien-\u00eatre des ch\u00e8vres cachemire, les conditions de travail des \u00e9leveurs ainsi qu&#8217;\u00e0 prot\u00e9ger l&#8217;environnement.<\/p>\n","protected":false},"excerpt":{"rendered":"<p>Ce pull confectionn\u00e9 en cachemire 4 fils s&#8217;impose comme un indispensable de la saison. Muni d&#8217;un col rond et de manches longues, sa maille raffin\u00e9e vous enveloppe de douceur. Associez-le \u00e0 un pantalon droit pour un look structur\u00e9 ou \u00e0 un jean pour une tenue plus d\u00e9contract\u00e9e. &#8211; Pull en cachemire 4 fils certifi\u00e9 GCS\u00ae [&hellip;]<\/p>\n","protected":false},"featured_media":2719795,"comment_status":"open","ping_status":"closed","template":"","meta":[],"product_brand":[6868],"product_cat":[1756,1758],"product_tag":[2244],"acf":[],"_links":{"self":[{"href":"https:\/\/streetmarkets.fr\/app\/wp-json\/wp\/v2\/product\/2719794"}],"collection":[{"href":"https:\/\/streetmarkets.fr\/app\/wp-json\/wp\/v2\/product"}],"about":[{"href":"https:\/\/streetmarkets.fr\/app\/wp-json\/wp\/v2\/types\/product"}],"replies":[{"embeddable":true,"href":"https:\/\/streetmarkets.fr\/app\/wp-json\/wp\/v2\/comments?post=2719794"}],"wp:featuredmedia":[{"embeddable":true,"href":"https:\/\/streetmarkets.fr\/app\/wp-json\/wp\/v2\/media\/2719795"}],"wp:attachment":[{"href":"https:\/\/streetmarkets.fr\/app\/wp-json\/wp\/v2\/media?parent=2719794"}],"wp:term":[{"taxonomy":"product_brand","embeddable":true,"href":"https:\/\/streetmarkets.fr\/app\/wp-json\/wp\/v2\/product_brand?post=2719794"},{"taxonomy":"product_cat","embeddable":true,"href":"https:\/\/streetmarkets.fr\/app\/wp-json\/wp\/v2\/product_cat?post=2719794"},{"taxonomy":"product_tag","embeddable":true,"href":"https:\/\/streetmarkets.fr\/app\/wp-json\/wp\/v2\/product_tag?post=2719794"}],"curies":[{"name":"wp","href":"https:\/\/api.w.org\/{rel}","templated":true}]}}