{"id":2719771,"date":"2025-09-26T02:19:31","date_gmt":"2025-09-26T00:19:31","guid":{"rendered":"https:\/\/streetmarkets.fr\/app\/produit\/pull-col-camionneur-h25-homme-gris-chine-fonce\/"},"modified":"2026-02-25T00:54:55","modified_gmt":"2026-02-24T23:54:55","slug":"pull-col-camionneur-h25-homme-gris-chine-fonce","status":"publish","type":"product","link":"https:\/\/streetmarkets.fr\/app\/produit\/pull-col-camionneur-h25-homme-gris-chine-fonce\/","title":{"rendered":"Pull Col Camionneur (H25 \/ HOMME \/ Gris Chin\u00e9 Fonc\u00e9)"},"content":{"rendered":"<p>Il est de tous les vestiaires : ce pull confectionn\u00e9 2 fils se distingue par sa coupe soign\u00e9e et ses lignes \u00e9pur\u00e9es. Il d\u00e9voile un col camionneur, des manches longues et des bords c\u00f4tel\u00e9s. Compl\u00e9tez votre silhouette de saison avec un pantalon large ou un jean casual.<\/p>\n<p>&#8211; Pull en cachemire 2 fils certifi\u00e9 GCS\u00ae Homme<br \/>\n<br \/>&#8211; C\u00f4tel\u00e9<br \/>\n<br \/>&#8211; Col camionneur<br \/>\n<br \/>&#8211; Manches longues<br \/>\n<br \/>&#8211; Bords c\u00f4tel\u00e9s<br \/>\n<br \/>&#8211; Coupe regular<br \/>\n<br \/>&#8211; Le Good Cashmere Standard\u00ae (GCS) est une norme ind\u00e9pendante pour un cachemire plus durable et plus responsable. Il vise \u00e0 am\u00e9liorer le bien-\u00eatre des ch\u00e8vres cachemire, les conditions de travail des \u00e9leveurs ainsi qu&#8217;\u00e0 prot\u00e9ger l&#8217;environnement.<\/p>\n","protected":false},"excerpt":{"rendered":"<p>Il est de tous les vestiaires : ce pull confectionn\u00e9 2 fils se distingue par sa coupe soign\u00e9e et ses lignes \u00e9pur\u00e9es. Il d\u00e9voile un col camionneur, des manches longues et des bords c\u00f4tel\u00e9s. Compl\u00e9tez votre silhouette de saison avec un pantalon large ou un jean casual. &#8211; Pull en cachemire 2 fils certifi\u00e9 GCS\u00ae [&hellip;]<\/p>\n","protected":false},"featured_media":2719772,"comment_status":"open","ping_status":"closed","template":"","meta":[],"product_brand":[6868],"product_cat":[1756,1758],"product_tag":[2244],"acf":[],"_links":{"self":[{"href":"https:\/\/streetmarkets.fr\/app\/wp-json\/wp\/v2\/product\/2719771"}],"collection":[{"href":"https:\/\/streetmarkets.fr\/app\/wp-json\/wp\/v2\/product"}],"about":[{"href":"https:\/\/streetmarkets.fr\/app\/wp-json\/wp\/v2\/types\/product"}],"replies":[{"embeddable":true,"href":"https:\/\/streetmarkets.fr\/app\/wp-json\/wp\/v2\/comments?post=2719771"}],"wp:featuredmedia":[{"embeddable":true,"href":"https:\/\/streetmarkets.fr\/app\/wp-json\/wp\/v2\/media\/2719772"}],"wp:attachment":[{"href":"https:\/\/streetmarkets.fr\/app\/wp-json\/wp\/v2\/media?parent=2719771"}],"wp:term":[{"taxonomy":"product_brand","embeddable":true,"href":"https:\/\/streetmarkets.fr\/app\/wp-json\/wp\/v2\/product_brand?post=2719771"},{"taxonomy":"product_cat","embeddable":true,"href":"https:\/\/streetmarkets.fr\/app\/wp-json\/wp\/v2\/product_cat?post=2719771"},{"taxonomy":"product_tag","embeddable":true,"href":"https:\/\/streetmarkets.fr\/app\/wp-json\/wp\/v2\/product_tag?post=2719771"}],"curies":[{"name":"wp","href":"https:\/\/api.w.org\/{rel}","templated":true}]}}