{"id":2719744,"date":"2025-09-26T02:19:28","date_gmt":"2025-09-26T00:19:28","guid":{"rendered":"https:\/\/streetmarkets.fr\/app\/produit\/outerwear-manteau-h25-homme-sable\/"},"modified":"2026-02-16T00:52:44","modified_gmt":"2026-02-15T23:52:44","slug":"outerwear-manteau-h25-homme-sable","status":"publish","type":"product","link":"https:\/\/streetmarkets.fr\/app\/produit\/outerwear-manteau-h25-homme-sable\/","title":{"rendered":"Veste (H25 \/ HOMME \/ Sable)"},"content":{"rendered":"<p>Coupe impeccable et lignes affirm\u00e9es, cette veste surchemise en laine double face r\u00e9chauffe votre allure tout en douceur. Munie d&#8217;un col chemise et d&#8217;une fermeture \u00e0 boutons pression, il d\u00e9voile deux poches poitrine plaqu\u00e9es \u00e0 rabat et deux poches lat\u00e9rales plaqu\u00e9es. Pi\u00e8ce indispensable de la saison, il accompagne vos tenues d\u00e9contract\u00e9es comme plus sophistiqu\u00e9es.<\/p>\n<p>&#8211; Surchemise en laine double face Homme <br \/>&#8211; Col chemise <br \/>&#8211; Manches longues <br \/>&#8211; Fermeture \u00e0 boutons pression <br \/>&#8211; 2 poches poitrine plaqu\u00e9es \u00e0 rabat <br \/>&#8211; 2 poches lat\u00e9rales plaqu\u00e9es <br \/>&#8211; Coupe regular<\/p>\n","protected":false},"excerpt":{"rendered":"<p>Coupe impeccable et lignes affirm\u00e9es, cette veste surchemise en laine double face r\u00e9chauffe votre allure tout en douceur. Munie d&#8217;un col chemise et d&#8217;une fermeture \u00e0 boutons pression, il d\u00e9voile deux poches poitrine plaqu\u00e9es \u00e0 rabat et deux poches lat\u00e9rales plaqu\u00e9es. Pi\u00e8ce indispensable de la saison, il accompagne vos tenues d\u00e9contract\u00e9es comme plus sophistiqu\u00e9es. &#8211; [&hellip;]<\/p>\n","protected":false},"featured_media":2719745,"comment_status":"open","ping_status":"closed","template":"","meta":[],"product_brand":[6868],"product_cat":[1756,1758],"product_tag":[2244],"acf":[],"_links":{"self":[{"href":"https:\/\/streetmarkets.fr\/app\/wp-json\/wp\/v2\/product\/2719744"}],"collection":[{"href":"https:\/\/streetmarkets.fr\/app\/wp-json\/wp\/v2\/product"}],"about":[{"href":"https:\/\/streetmarkets.fr\/app\/wp-json\/wp\/v2\/types\/product"}],"replies":[{"embeddable":true,"href":"https:\/\/streetmarkets.fr\/app\/wp-json\/wp\/v2\/comments?post=2719744"}],"wp:featuredmedia":[{"embeddable":true,"href":"https:\/\/streetmarkets.fr\/app\/wp-json\/wp\/v2\/media\/2719745"}],"wp:attachment":[{"href":"https:\/\/streetmarkets.fr\/app\/wp-json\/wp\/v2\/media?parent=2719744"}],"wp:term":[{"taxonomy":"product_brand","embeddable":true,"href":"https:\/\/streetmarkets.fr\/app\/wp-json\/wp\/v2\/product_brand?post=2719744"},{"taxonomy":"product_cat","embeddable":true,"href":"https:\/\/streetmarkets.fr\/app\/wp-json\/wp\/v2\/product_cat?post=2719744"},{"taxonomy":"product_tag","embeddable":true,"href":"https:\/\/streetmarkets.fr\/app\/wp-json\/wp\/v2\/product_tag?post=2719744"}],"curies":[{"name":"wp","href":"https:\/\/api.w.org\/{rel}","templated":true}]}}