{"id":2719529,"date":"2025-09-26T02:18:09","date_gmt":"2025-09-26T00:18:09","guid":{"rendered":"https:\/\/streetmarkets.fr\/app\/produit\/outerwear-doudoune-h25-femme-ecru\/"},"modified":"2026-02-15T00:55:44","modified_gmt":"2026-02-14T23:55:44","slug":"outerwear-doudoune-h25-femme-ecru","status":"publish","type":"product","link":"https:\/\/streetmarkets.fr\/app\/produit\/outerwear-doudoune-h25-femme-ecru\/","title":{"rendered":"Doudoune \u00e0 poches (H25 \/ FEMME \/ Ecru)"},"content":{"rendered":"<p>&#8211; Doudoune en nylon Femme<br \/>\n<br \/>&#8211; Col chemise<br \/>\n<br \/>&#8211; Fermeture zipp\u00e9e<br \/>\n<br \/>&#8211; Manches longues<br \/>\n<br \/>&#8211; Poches plaqu\u00e9es \u00e0 rabats<br \/>\n<br \/>&#8211; Coupe regular<\/p>\n","protected":false},"excerpt":{"rendered":"<p>&#8211; Doudoune en nylon Femme &#8211; Col chemise &#8211; Fermeture zipp\u00e9e &#8211; Manches longues &#8211; Poches plaqu\u00e9es \u00e0 rabats &#8211; Coupe regular<\/p>\n","protected":false},"featured_media":2719530,"comment_status":"open","ping_status":"closed","template":"","meta":[],"product_brand":[6868],"product_cat":[1756,1762],"product_tag":[2244],"acf":[],"_links":{"self":[{"href":"https:\/\/streetmarkets.fr\/app\/wp-json\/wp\/v2\/product\/2719529"}],"collection":[{"href":"https:\/\/streetmarkets.fr\/app\/wp-json\/wp\/v2\/product"}],"about":[{"href":"https:\/\/streetmarkets.fr\/app\/wp-json\/wp\/v2\/types\/product"}],"replies":[{"embeddable":true,"href":"https:\/\/streetmarkets.fr\/app\/wp-json\/wp\/v2\/comments?post=2719529"}],"wp:featuredmedia":[{"embeddable":true,"href":"https:\/\/streetmarkets.fr\/app\/wp-json\/wp\/v2\/media\/2719530"}],"wp:attachment":[{"href":"https:\/\/streetmarkets.fr\/app\/wp-json\/wp\/v2\/media?parent=2719529"}],"wp:term":[{"taxonomy":"product_brand","embeddable":true,"href":"https:\/\/streetmarkets.fr\/app\/wp-json\/wp\/v2\/product_brand?post=2719529"},{"taxonomy":"product_cat","embeddable":true,"href":"https:\/\/streetmarkets.fr\/app\/wp-json\/wp\/v2\/product_cat?post=2719529"},{"taxonomy":"product_tag","embeddable":true,"href":"https:\/\/streetmarkets.fr\/app\/wp-json\/wp\/v2\/product_tag?post=2719529"}],"curies":[{"name":"wp","href":"https:\/\/api.w.org\/{rel}","templated":true}]}}