{"id":2719496,"date":"2025-09-26T02:18:06","date_gmt":"2025-09-26T00:18:06","guid":{"rendered":"https:\/\/streetmarkets.fr\/app\/produit\/outerwear-doudoune-h25-femme-navy\/"},"modified":"2026-02-25T00:54:53","modified_gmt":"2026-02-24T23:54:53","slug":"outerwear-doudoune-h25-femme-navy","status":"publish","type":"product","link":"https:\/\/streetmarkets.fr\/app\/produit\/outerwear-doudoune-h25-femme-navy\/","title":{"rendered":"Doudoune \u00e0 poches (H25 \/ FEMME \/ Navy)"},"content":{"rendered":"<p>&#8211; Doudoune en nylon Femme<br \/>\n<br \/>&#8211; Col chemise<br \/>\n<br \/>&#8211; Fermeture zipp\u00e9e<br \/>\n<br \/>&#8211; Manches longues<br \/>\n<br \/>&#8211; Poches plaqu\u00e9es \u00e0 rabats<br \/>\n<br \/>&#8211; Coupe regular<\/p>\n","protected":false},"excerpt":{"rendered":"<p>&#8211; Doudoune en nylon Femme &#8211; Col chemise &#8211; Fermeture zipp\u00e9e &#8211; Manches longues &#8211; Poches plaqu\u00e9es \u00e0 rabats &#8211; Coupe regular<\/p>\n","protected":false},"featured_media":2719497,"comment_status":"open","ping_status":"closed","template":"","meta":[],"product_brand":[6868],"product_cat":[1756,1762],"product_tag":[2244],"acf":[],"_links":{"self":[{"href":"https:\/\/streetmarkets.fr\/app\/wp-json\/wp\/v2\/product\/2719496"}],"collection":[{"href":"https:\/\/streetmarkets.fr\/app\/wp-json\/wp\/v2\/product"}],"about":[{"href":"https:\/\/streetmarkets.fr\/app\/wp-json\/wp\/v2\/types\/product"}],"replies":[{"embeddable":true,"href":"https:\/\/streetmarkets.fr\/app\/wp-json\/wp\/v2\/comments?post=2719496"}],"wp:featuredmedia":[{"embeddable":true,"href":"https:\/\/streetmarkets.fr\/app\/wp-json\/wp\/v2\/media\/2719497"}],"wp:attachment":[{"href":"https:\/\/streetmarkets.fr\/app\/wp-json\/wp\/v2\/media?parent=2719496"}],"wp:term":[{"taxonomy":"product_brand","embeddable":true,"href":"https:\/\/streetmarkets.fr\/app\/wp-json\/wp\/v2\/product_brand?post=2719496"},{"taxonomy":"product_cat","embeddable":true,"href":"https:\/\/streetmarkets.fr\/app\/wp-json\/wp\/v2\/product_cat?post=2719496"},{"taxonomy":"product_tag","embeddable":true,"href":"https:\/\/streetmarkets.fr\/app\/wp-json\/wp\/v2\/product_tag?post=2719496"}],"curies":[{"name":"wp","href":"https:\/\/api.w.org\/{rel}","templated":true}]}}