{"id":2719416,"date":"2025-09-26T02:17:59","date_gmt":"2025-09-26T00:17:59","guid":{"rendered":"https:\/\/streetmarkets.fr\/app\/produit\/col-capuche-h25-accessoires-navy\/"},"modified":"2026-02-17T00:53:09","modified_gmt":"2026-02-16T23:53:09","slug":"col-capuche-h25-accessoires-navy","status":"publish","type":"product","link":"https:\/\/streetmarkets.fr\/app\/produit\/col-capuche-h25-accessoires-navy\/","title":{"rendered":"Col Capuche (H25 \/ ACCESSOIRES \/ Navy)"},"content":{"rendered":"<p>&#8211; Col \u00e0 capuche<br \/>\n<br \/>&#8211; Matelass\u00e9<br \/>\n<br \/>&#8211; Fermeture zipp\u00e9e<br \/>\n<br \/>&#8211; Cordons<\/p>\n","protected":false},"excerpt":{"rendered":"<p>&#8211; Col \u00e0 capuche &#8211; Matelass\u00e9 &#8211; Fermeture zipp\u00e9e &#8211; Cordons<\/p>\n","protected":false},"featured_media":2719417,"comment_status":"open","ping_status":"closed","template":"","meta":[],"product_brand":[6868],"product_cat":[1756,1764],"product_tag":[2244],"acf":[],"_links":{"self":[{"href":"https:\/\/streetmarkets.fr\/app\/wp-json\/wp\/v2\/product\/2719416"}],"collection":[{"href":"https:\/\/streetmarkets.fr\/app\/wp-json\/wp\/v2\/product"}],"about":[{"href":"https:\/\/streetmarkets.fr\/app\/wp-json\/wp\/v2\/types\/product"}],"replies":[{"embeddable":true,"href":"https:\/\/streetmarkets.fr\/app\/wp-json\/wp\/v2\/comments?post=2719416"}],"wp:featuredmedia":[{"embeddable":true,"href":"https:\/\/streetmarkets.fr\/app\/wp-json\/wp\/v2\/media\/2719417"}],"wp:attachment":[{"href":"https:\/\/streetmarkets.fr\/app\/wp-json\/wp\/v2\/media?parent=2719416"}],"wp:term":[{"taxonomy":"product_brand","embeddable":true,"href":"https:\/\/streetmarkets.fr\/app\/wp-json\/wp\/v2\/product_brand?post=2719416"},{"taxonomy":"product_cat","embeddable":true,"href":"https:\/\/streetmarkets.fr\/app\/wp-json\/wp\/v2\/product_cat?post=2719416"},{"taxonomy":"product_tag","embeddable":true,"href":"https:\/\/streetmarkets.fr\/app\/wp-json\/wp\/v2\/product_tag?post=2719416"}],"curies":[{"name":"wp","href":"https:\/\/api.w.org\/{rel}","templated":true}]}}