{"id":2716253,"date":"2025-09-25T06:52:32","date_gmt":"2025-09-25T04:52:32","guid":{"rendered":"https:\/\/streetmarkets.fr\/app\/produit\/sciarpa-242905-03\/"},"modified":"2026-03-16T05:49:31","modified_gmt":"2026-03-16T04:49:31","slug":"sciarpa-242905-03","status":"publish","type":"product","link":"https:\/\/streetmarkets.fr\/app\/produit\/sciarpa-242905-03\/","title":{"rendered":"Sciarpa 242905-03"},"content":{"rendered":"<p data-end=\"432\" data-start=\"156\">Ajoutez une note sophistiqu\u00e9e et singuli\u00e8re \u00e0 vos tenues avec l\u2019\u00e9charpe <strong>Scarpia 242906-03<\/strong> de <strong data-end=\"255\" data-start=\"228\">Gierre Milano\u00a0<\/strong>, confectionn\u00e9e en <strong data-end=\"289\" data-start=\"274\">100 % laine<\/strong>. Son tissage subtil et sa teinte\u00a0<strong data-start=\"309\" data-end=\"331\">beige intemporelle<\/strong> en font un accessoire raffin\u00e9, facile \u00e0 associer avec toutes vos pi\u00e8ces favorites.<\/p>\n<p data-start=\"418\" data-end=\"651\">L\u00e9g\u00e8re mais chaleureuse, elle offre un confort optimal tout en ajoutant une touche de sophistication \u00e0 votre style. Port\u00e9e sur un manteau classique ou une veste d\u00e9contract\u00e9e, cette \u00e9charpe saura rehausser votre allure avec finesse.<\/p>\n","protected":false},"excerpt":{"rendered":"<p>Ajoutez une note sophistiqu\u00e9e et singuli\u00e8re \u00e0 vos tenues avec l\u2019\u00e9charpe Scarpia 242906-03 de Gierre Milano\u00a0, confectionn\u00e9e en 100 % laine. Son tissage subtil et sa teinte\u00a0beige intemporelle en font un accessoire raffin\u00e9, facile \u00e0 associer avec toutes vos pi\u00e8ces favorites. L\u00e9g\u00e8re mais chaleureuse, elle offre un confort optimal tout en ajoutant une touche de [&hellip;]<\/p>\n","protected":false},"featured_media":2716254,"comment_status":"open","ping_status":"closed","template":"","meta":[],"product_brand":[],"product_cat":[1756,1760],"product_tag":[2244],"acf":[],"_links":{"self":[{"href":"https:\/\/streetmarkets.fr\/app\/wp-json\/wp\/v2\/product\/2716253"}],"collection":[{"href":"https:\/\/streetmarkets.fr\/app\/wp-json\/wp\/v2\/product"}],"about":[{"href":"https:\/\/streetmarkets.fr\/app\/wp-json\/wp\/v2\/types\/product"}],"replies":[{"embeddable":true,"href":"https:\/\/streetmarkets.fr\/app\/wp-json\/wp\/v2\/comments?post=2716253"}],"wp:featuredmedia":[{"embeddable":true,"href":"https:\/\/streetmarkets.fr\/app\/wp-json\/wp\/v2\/media\/2716254"}],"wp:attachment":[{"href":"https:\/\/streetmarkets.fr\/app\/wp-json\/wp\/v2\/media?parent=2716253"}],"wp:term":[{"taxonomy":"product_brand","embeddable":true,"href":"https:\/\/streetmarkets.fr\/app\/wp-json\/wp\/v2\/product_brand?post=2716253"},{"taxonomy":"product_cat","embeddable":true,"href":"https:\/\/streetmarkets.fr\/app\/wp-json\/wp\/v2\/product_cat?post=2716253"},{"taxonomy":"product_tag","embeddable":true,"href":"https:\/\/streetmarkets.fr\/app\/wp-json\/wp\/v2\/product_tag?post=2716253"}],"curies":[{"name":"wp","href":"https:\/\/api.w.org\/{rel}","templated":true}]}}