{"id":2711104,"date":"2025-09-25T00:28:48","date_gmt":"2025-09-24T22:28:48","guid":{"rendered":"https:\/\/streetmarkets.fr\/app\/produit\/boutique-philosophy-di-lorenzo-serafini-top-bustier-blanc-pois-noir-prix-boutique-690-taille-40\/"},"modified":"2026-05-03T00:27:04","modified_gmt":"2026-05-02T22:27:04","slug":"boutique-philosophy-di-lorenzo-serafini-top-bustier-blanc-pois-noir-prix-boutique-690-taille-40","status":"publish","type":"product","link":"https:\/\/streetmarkets.fr\/app\/produit\/boutique-philosophy-di-lorenzo-serafini-top-bustier-blanc-pois-noir-prix-boutique-690-taille-40\/","title":{"rendered":"Boutique PHILOSOPHY di Lorenzo Serafini Top bustier blanc &agrave; pois noir Prix boutique 690&euro; Taille 40"},"content":{"rendered":"<p>Magnifique top bustier\u00a0de la marque italienne PHILOSOPHY di Lorenzo Serafini.Prix boutique 690\u20ac.Pi\u00e8ce po\u00e9tique et versatile, ce top habillera d&#8217;\u00e9l\u00e9gance toutes vos tenues du quotidien au soir. Son n\u0153ud d\u00e9licatement nou\u00e9 dans le dos apporte une touche romantique. Portez-le avec un jean pour une allure d\u00e9contract\u00e9e en journ\u00e9e, ou associez-le \u00e0 un pantalon ou une jupe noire pour un look de cocktail plus chic et sophistiqu\u00e9.Cr\u00eape\u00a098% viscose, 2% spandex.Couleur blanc et noir.D\u00e9tail noeud dans le dos.Fermeture \u00e9clair sur le c\u00f4t\u00e9.Convient \u00e0 une taille L.Largeur taille : 40cm, Longueur dos : 24 cm, Largeur buste: 46cm.Neuf avec \u00e9tiquette.  Je (Elo\u00efse, fondatrice du site) authentifie toutes les pi\u00e8ces. Mon experience dans le luxe et ma passion pour cet univers m&#8217;ont permis d&#8217;acqu\u00e9rir une excellente connaissance des produits.Toutes les pi\u00e8ces transitent par le showroom pour que je puisse en \u00e9valuer l&#8217;authenticit\u00e9. Je prends tout le temps necessaire pour \u00e9tudier la pi\u00e8ce dans les moindres d\u00e9tails et contacte directement les Maisons de Couture si j&#8217;ai le moindre doute.Les pi\u00e8ces proviennent des dressings de particuliers. Je les rach\u00e8te \u00e0 des personnes qui travaillent dans des Maisons de couture parisiennes ou \u00e0 des accros du shopping.Je n\u2019exige pas les certificats d\u2019authenticit\u00e9 et je ne les fournis pas non plus ou rarement.Les certificats ne sont pas d&#8217;une grande utilit\u00e9 car ils sont tr\u00e8s facilement falsifiables, il est beaucoup plus facile de contrefaire une carte qu&#8217;un sac complet et nous noterez par exemple que les contrefa\u00e7ons de sacs de luxe vendues sur ebay ont toutes des certificats d&#8217;authenticit\u00e9.De mani\u00e8re g\u00e9n\u00e9rale, il est tr\u00e8s facile de distinguer une contrefa\u00e7on d&#8217;un produit authentique, les pi\u00e8ces de luxe sont ch\u00e8res car cela co\u00fbte cher de les fabriquer.Il est ais\u00e9 de copier le design mais pour arriver au m\u00eame r\u00e9sultat il faut avoir des mati\u00e8res premi\u00e8res de qualit\u00e9 et le savoir faire qui permet d&#8217;obtenir des finitions proches de la perfection, ce qui n&#8217;est JAMAIS le cas des contrefa\u00e7ons.N&#8217;h\u00e9sitez pas \u00e0 me contacter contact@louiseparis.fr si vous avez des questions, je vous r\u00e9pondrai avec plaisir.Contactez-nous Vos commandes sont exp\u00e9di\u00e9es depuis notre showrooms \u00e0 Paris chaque lundi.Nous proposons deux modes de livraisonsen France:- Colissimo recommand\u00e9 par La Poste en 48h, 10\u20ac.- Retrait de votre commande au showroom \u00e0 Paris, surRENDEZ-VOUS UNIQUEMENT, notre adresse mail pour prendre rdvcontact@louiseparis.fr, gratuit.Nous proposons la livraison\u00e0 l&#8217;Internationalen colissimo recommand\u00e9.- Europe : 20\u20ac- Am\u00e9rique du Nord, Asie, Oc\u00e9anie, Am\u00e9rique centrale et Antille : 25\u20ac- Am\u00e9rique du sud : 30\u20ac. Nous vous recevons sur rendez-vous du lundi au dimanche de 9h \u00e0 21h pour essayer les pi\u00e8ces vendues sur Louise Paris ainsi que les robes de soir\u00e9es \u00e0 la location. Vous pouvez contacter Elo\u00efse par mail \u00e0 contact@louiseparis.fr ou par t\u00e9l\u00e9phone au 06 64 86 08 03 \/ 01 80 06 25 95 pour prendre rendez-vous.<\/p>\n","protected":false},"excerpt":{"rendered":"<p>Magnifique top bustier\u00a0de la marque italienne PHILOSOPHY di Lorenzo Serafini.Prix boutique 690\u20ac.Pi\u00e8ce po\u00e9tique et versatile, ce top habillera d&#8217;\u00e9l\u00e9gance toutes vos tenues du quotidien au soir. Son n\u0153ud d\u00e9licatement nou\u00e9 dans le dos apporte une touche romantique. Portez-le avec un jean pour une allure d\u00e9contract\u00e9e en journ\u00e9e, ou associez-le \u00e0 un pantalon ou une jupe [&hellip;]<\/p>\n","protected":false},"featured_media":2711105,"comment_status":"open","ping_status":"closed","template":"","meta":[],"product_brand":[],"product_cat":[1756,1762],"product_tag":[2122],"acf":[],"_links":{"self":[{"href":"https:\/\/streetmarkets.fr\/app\/wp-json\/wp\/v2\/product\/2711104"}],"collection":[{"href":"https:\/\/streetmarkets.fr\/app\/wp-json\/wp\/v2\/product"}],"about":[{"href":"https:\/\/streetmarkets.fr\/app\/wp-json\/wp\/v2\/types\/product"}],"replies":[{"embeddable":true,"href":"https:\/\/streetmarkets.fr\/app\/wp-json\/wp\/v2\/comments?post=2711104"}],"wp:featuredmedia":[{"embeddable":true,"href":"https:\/\/streetmarkets.fr\/app\/wp-json\/wp\/v2\/media\/2711105"}],"wp:attachment":[{"href":"https:\/\/streetmarkets.fr\/app\/wp-json\/wp\/v2\/media?parent=2711104"}],"wp:term":[{"taxonomy":"product_brand","embeddable":true,"href":"https:\/\/streetmarkets.fr\/app\/wp-json\/wp\/v2\/product_brand?post=2711104"},{"taxonomy":"product_cat","embeddable":true,"href":"https:\/\/streetmarkets.fr\/app\/wp-json\/wp\/v2\/product_cat?post=2711104"},{"taxonomy":"product_tag","embeddable":true,"href":"https:\/\/streetmarkets.fr\/app\/wp-json\/wp\/v2\/product_tag?post=2711104"}],"curies":[{"name":"wp","href":"https:\/\/api.w.org\/{rel}","templated":true}]}}