{"id":2710879,"date":"2025-09-24T05:22:33","date_gmt":"2025-09-24T03:22:33","guid":{"rendered":"https:\/\/streetmarkets.fr\/app\/produit\/chemise-groovy-violette\/"},"modified":"2026-04-04T05:22:03","modified_gmt":"2026-04-04T03:22:03","slug":"chemise-groovy-violette","status":"publish","type":"product","link":"https:\/\/streetmarkets.fr\/app\/produit\/chemise-groovy-violette\/","title":{"rendered":"Chemise Groovy Violette"},"content":{"rendered":"<p>Chemise \u00e0 col en viscose  imprim\u00e9e.<br \/>\nManches larges resserr\u00e9es au poignets par un bord-c\u00f4te.<br \/>\nFinitions avec passepoil<\/p>\n<p>178\u20ac -20%: 142\u20ac<\/p>\n","protected":false},"excerpt":{"rendered":"<p>Chemise \u00e0 col en viscose imprim\u00e9e. Manches larges resserr\u00e9es au poignets par un bord-c\u00f4te. Finitions avec passepoil 178\u20ac -20%: 142\u20ac<\/p>\n","protected":false},"featured_media":2710880,"comment_status":"open","ping_status":"closed","template":"","meta":[],"product_brand":[1310],"product_cat":[1756,1762],"product_tag":[1813],"acf":[],"_links":{"self":[{"href":"https:\/\/streetmarkets.fr\/app\/wp-json\/wp\/v2\/product\/2710879"}],"collection":[{"href":"https:\/\/streetmarkets.fr\/app\/wp-json\/wp\/v2\/product"}],"about":[{"href":"https:\/\/streetmarkets.fr\/app\/wp-json\/wp\/v2\/types\/product"}],"replies":[{"embeddable":true,"href":"https:\/\/streetmarkets.fr\/app\/wp-json\/wp\/v2\/comments?post=2710879"}],"wp:featuredmedia":[{"embeddable":true,"href":"https:\/\/streetmarkets.fr\/app\/wp-json\/wp\/v2\/media\/2710880"}],"wp:attachment":[{"href":"https:\/\/streetmarkets.fr\/app\/wp-json\/wp\/v2\/media?parent=2710879"}],"wp:term":[{"taxonomy":"product_brand","embeddable":true,"href":"https:\/\/streetmarkets.fr\/app\/wp-json\/wp\/v2\/product_brand?post=2710879"},{"taxonomy":"product_cat","embeddable":true,"href":"https:\/\/streetmarkets.fr\/app\/wp-json\/wp\/v2\/product_cat?post=2710879"},{"taxonomy":"product_tag","embeddable":true,"href":"https:\/\/streetmarkets.fr\/app\/wp-json\/wp\/v2\/product_tag?post=2710879"}],"curies":[{"name":"wp","href":"https:\/\/api.w.org\/{rel}","templated":true}]}}