{"id":2705792,"date":"2025-09-24T01:45:43","date_gmt":"2025-09-23T23:45:43","guid":{"rendered":"https:\/\/streetmarkets.fr\/app\/produit\/chaussettes-mountain-bike-en-bambou-pour-homme\/"},"modified":"2026-05-06T01:44:24","modified_gmt":"2026-05-05T23:44:24","slug":"chaussettes-mountain-bike-en-bambou-pour-homme","status":"publish","type":"product","link":"https:\/\/streetmarkets.fr\/app\/produit\/chaussettes-mountain-bike-en-bambou-pour-homme\/","title":{"rendered":"Chaussettes mountain bike en bambou pour homme"},"content":{"rendered":"<ul data-mce-fragment=\"1\">\n<li data-mce-fragment=\"1\">chaussettes pour homme\u00a0\n<\/li>\n<li data-mce-fragment=\"1\">motif <b>v\u00e9lo mountain bike<\/b>\n<\/li>\n<li data-mce-fragment=\"1\">fond bleu et noir<\/li>\n<li data-mce-fragment=\"1\">\n<span data-mce-fragment=\"1\">53,4%\u00a0<\/span><strong data-mce-fragment=\"1\">bambou<\/strong>,18,9<span data-mce-fragment=\"1\">%\u00a0<\/span><strong data-mce-fragment=\"1\">coton bio,<\/strong> 20%\u00a0<strong data-mce-fragment=\"1\">polyester recycl\u00e9,<\/strong> 6,2% <strong data-mce-fragment=\"1\">nylon recycl\u00e9<\/strong>, 1,5% \u00e9lasthanne<\/li>\n<li data-mce-fragment=\"1\">tr\u00e8s confortables<\/li>\n<li data-mce-fragment=\"1\">\n<strong data-mce-fragment=\"1\">anti-bact\u00e9rien<\/strong><span data-mce-fragment=\"1\">\u00a0<\/span>et anti-fongique<\/li>\n<li data-mce-fragment=\"1\">taille<span data-mce-fragment=\"1\">\u00a0<\/span><strong data-mce-fragment=\"1\">unique<\/strong>, 40\/44<\/li>\n<li data-mce-fragment=\"1\">marque<span data-mce-fragment=\"1\">\u00a0<\/span><strong data-mce-fragment=\"1\">Thought<\/strong>\n<\/li>\n<li data-mce-fragment=\"1\">\n<strong data-mce-fragment=\"1\">best-seller<\/strong><span data-mce-fragment=\"1\">\u00a0<\/span>de la marque : id\u00e9e cadeau<\/li>\n<\/ul>\n","protected":false},"excerpt":{"rendered":"<p>chaussettes pour homme\u00a0 motif v\u00e9lo mountain bike fond bleu et noir 53,4%\u00a0bambou,18,9%\u00a0coton bio, 20%\u00a0polyester recycl\u00e9, 6,2% nylon recycl\u00e9, 1,5% \u00e9lasthanne tr\u00e8s confortables anti-bact\u00e9rien\u00a0et anti-fongique taille\u00a0unique, 40\/44 marque\u00a0Thought best-seller\u00a0de la marque : id\u00e9e cadeau<\/p>\n","protected":false},"featured_media":2705793,"comment_status":"open","ping_status":"closed","template":"","meta":[],"product_brand":[],"product_cat":[1756,1760],"product_tag":[1810],"acf":[],"_links":{"self":[{"href":"https:\/\/streetmarkets.fr\/app\/wp-json\/wp\/v2\/product\/2705792"}],"collection":[{"href":"https:\/\/streetmarkets.fr\/app\/wp-json\/wp\/v2\/product"}],"about":[{"href":"https:\/\/streetmarkets.fr\/app\/wp-json\/wp\/v2\/types\/product"}],"replies":[{"embeddable":true,"href":"https:\/\/streetmarkets.fr\/app\/wp-json\/wp\/v2\/comments?post=2705792"}],"wp:featuredmedia":[{"embeddable":true,"href":"https:\/\/streetmarkets.fr\/app\/wp-json\/wp\/v2\/media\/2705793"}],"wp:attachment":[{"href":"https:\/\/streetmarkets.fr\/app\/wp-json\/wp\/v2\/media?parent=2705792"}],"wp:term":[{"taxonomy":"product_brand","embeddable":true,"href":"https:\/\/streetmarkets.fr\/app\/wp-json\/wp\/v2\/product_brand?post=2705792"},{"taxonomy":"product_cat","embeddable":true,"href":"https:\/\/streetmarkets.fr\/app\/wp-json\/wp\/v2\/product_cat?post=2705792"},{"taxonomy":"product_tag","embeddable":true,"href":"https:\/\/streetmarkets.fr\/app\/wp-json\/wp\/v2\/product_tag?post=2705792"}],"curies":[{"name":"wp","href":"https:\/\/api.w.org\/{rel}","templated":true}]}}